{"id":519,"date":"2025-08-25T22:18:42","date_gmt":"2025-08-25T20:18:42","guid":{"rendered":"https:\/\/shop.osmiummusic.com\/?page_id=519"},"modified":"2025-09-23T18:29:53","modified_gmt":"2025-09-23T16:29:53","slug":"frequently-asked-questions","status":"publish","type":"page","link":"https:\/\/shop.osmiummusic.com\/fr\/frequently-asked-questions\/","title":{"rendered":"Questions fr\u00e9quentes"},"content":{"rendered":"<hr class=\"wp-block-separator has-text-color has-contrast-color has-alpha-channel-opacity has-contrast-background-color has-background\"\/>\n\n\n\n<h2 class=\"wp-block-heading\">Mon compte<\/h2>\n\n\n\n<details class=\"wp-block-details is-layout-flow wp-block-details-is-layout-flow\"><summary><strong>J'ai oubli\u00e9 mon mot de passe<\/strong><\/summary>\n<p>Cliquez sur \"Mot de passe oubli\u00e9 ?\" sur la page de connexion. Un lien de remise \u00e0 z\u00e9ro vous sera envoy\u00e9 par mail.<\/p>\n<\/details>\n\n\n\n<details class=\"wp-block-details is-layout-flow wp-block-details-is-layout-flow\"><summary><strong>Comment puis-je changer mes informations ?<\/strong><\/summary>\n<p>Connectez-vous et \u00e9ditez vos informations dans \"Mon compte\" &gt; \"D\u00e9tails du compte\". N'oubliez pas d'enregistrer vos modifications.<\/p>\n<\/details>\n\n\n\n<details class=\"wp-block-details is-layout-flow wp-block-details-is-layout-flow\"><summary><strong>Puis-je changer mon mot de passe ?<\/strong><\/summary>\n<p>Oui, changez-le dans \"Mon compte\" &gt; \"D\u00e9tails du compte\"<\/p>\n<\/details>\n\n\n\n<hr class=\"wp-block-separator has-alpha-channel-opacity is-style-default\"\/>\n\n\n\n<h2 class=\"wp-block-heading\">G\u00e9n\u00e9ral<\/h2>\n\n\n\n<details class=\"wp-block-details is-layout-flow wp-block-details-is-layout-flow\"><summary><strong>Est-ce que vos partitions sont disponibles \u00e0 la location pour des concerts ?<\/strong><\/summary>\n<p class=\"translation-block\">Non, Osmium Music propose <strong>uniquement l'achat<\/strong> pour toutes ses partitions. Cette approche garantit :<\/p>\n\n\n\n<ol class=\"wp-block-list\">\n<li class=\"translation-block\"><strong>Flexibilit\u00e9<\/strong> : Poss\u00e9dez vos partitions ind\u00e9finiment pour les r\u00e9p\u00e9titions, les concerts ou une utilisation future.<\/li>\n\n\n\n<li class=\"translation-block\"><strong>Simplicit\u00e9<\/strong> : Pas de contrats de location ni de complexit\u00e9 logistique.<\/li>\n\n\n\n<li class=\"translation-block\"><strong>\u00c9quit\u00e9 \u00e9conomique<\/strong> : Un achat unique soutient les compositeurs\/arrangeurs et \u00e9vite les co\u00fbts r\u00e9currents pour les clients.<\/li>\n<\/ol>\n<\/details>\n\n\n\n<details class=\"wp-block-details is-layout-flow wp-block-details-is-layout-flow\"><summary><strong>Dois-je signer un contrat ?<\/strong><\/summary>\n<p>Aucun contrat requis. Les achats sont couverts par nos Conditions G\u00e9n\u00e9rales de Vente.<\/p>\n<\/details>\n\n\n\n<details class=\"wp-block-details is-layout-flow wp-block-details-is-layout-flow\"><summary><strong>Avez-vous des magasins physiques ?<\/strong><\/summary>\n<p class=\"translation-block\">Osmium Music est <strong>exclusivement en ligne<\/strong>. Voici pourquoi :<\/p>\n\n\n\n<ol class=\"wp-block-list\">\n<li class=\"translation-block\"><strong>Focus sur la qualit\u00e9<\/strong> \u2013 La vente directe nous permet de proposer un catalogue sp\u00e9cialis\u00e9 de partitions de haute qualit\u00e9, sans les contraintes d\u2019un magasin physique.<\/li>\n\n\n\n<li class=\"translation-block\"><strong>Acc\u00e8s mondial<\/strong> \u2013 Les musiciens du monde entier peuvent parcourir et acheter en ligne, 24h\/24 et 7j\/7.<\/li>\n\n\n\n<li class=\"translation-block\"><strong>Durabilit\u00e9<\/strong> \u2013 Une approche num\u00e9rique d'abord r\u00e9duit le gaspillage et les \u00e9missions li\u00e9es \u00e0 l'exp\u00e9dition.<\/li>\n\n\n\n<li class=\"translation-block\"><strong>Efficacit\u00e9<\/strong> \u2013 Les \u00e9conomies r\u00e9alis\u00e9es en n'ayant pas de magasins physiques nous permettent de proposer de meilleures conditions de licence aux compositeurs et des prix comp\u00e9titifs \u00e0 nos clients.<\/li>\n<\/ol>\n\n\n\n<p><em>Notre site web est con\u00e7u pour reproduire l'expertise d'un magasin physique\u2014avec des recommandations personnalis\u00e9es, des aper\u00e7us et des t\u00e9l\u00e9chargements s\u00e9curis\u00e9s.<\/em><\/p>\n<\/details>\n\n\n\n<details class=\"wp-block-details is-layout-flow wp-block-details-is-layout-flow\"><summary><strong>Que puis-je faire si j'ai besoin d'une partition transpos\u00e9e ou d'un instrument suppl\u00e9mentaire pour une \u0153uvre ?<\/strong><\/summary>\n<p class=\"translation-block\">Nous sommes l\u00e0 pour vous aider ! <strong>Veuillez nous contacter \u00e0 <a href=\"mailto:editions@osmiummusic.com\" target=\"_blank\" rel=\"noreferrer noopener\">editions@osmiummusic.com<\/a><\/strong> avec les d\u00e9tails de votre demande, et nous vous r\u00e9pondrons d\u00e8s que possible.<\/p>\n<\/details>\n\n\n\n<hr class=\"wp-block-separator has-alpha-channel-opacity\"\/>\n\n\n\n<h2 class=\"wp-block-heading\">Commandes<\/h2>\n\n\n\n<details class=\"wp-block-details is-layout-flow wp-block-details-is-layout-flow\"><summary><strong>Quelle est votre politique de remboursement ?<\/strong><\/summary>\n<p class=\"translation-block\">Osmium Music accorde \u00e0 ses Clients un droit de r\u00e9tractation \u00e9tendu de 30 jours \u00e0 compter de la date d\u2019achat, \u00e0 condition que les fichiers num\u00e9riques n\u2019aient pas \u00e9t\u00e9 t\u00e9l\u00e9charg\u00e9s.<\/p>\n\n\n\n<p class=\"translation-block\">Si un client ach\u00e8te un <strong>jeu complet de partition<\/strong> (incluant la partition compl\u00e8te et les parties individuelles) mais ne t\u00e9l\u00e9charge que le conducteur, Osmium Music se r\u00e9serve le droit de <strong>maintenir le d\u00e9lai de r\u00e9tractation \u00e9tendu de 30 jours<\/strong>, dans la mesure o\u00f9 le produit reste inutilis\u00e9 dans son int\u00e9gralit\u00e9.<\/p>\n<\/details>\n\n\n\n<details class=\"wp-block-details is-layout-flow wp-block-details-is-layout-flow\"><summary><strong>Que faire si j'ai perdu l'acc\u00e8s \u00e0 mes fichiers ?<\/strong><\/summary>\n<p class=\"translation-block\">Tous les liens de t\u00e9l\u00e9chargement restent actifs <strong>ind\u00e9finiment<\/strong>. Si vous rencontrez des probl\u00e8mes avec vos liens de t\u00e9l\u00e9chargement ou atteignez la limite de t\u00e9l\u00e9chargement, <strong>veuillez nous contacter \u00e0 <a href=\"mailto:commande@osmiummusic.com\" target=\"_blank\" rel=\"noreferrer noopener\">commande@osmiummusic.com<\/a><\/strong> avec votre num\u00e9ro de commande, et nous vous enverrons rapidement de nouveaux liens.<\/p>\n<\/details>\n\n\n\n<hr class=\"wp-block-separator has-alpha-channel-opacity\"\/>\n\n\n\n<h2 class=\"wp-block-heading\">Paiement<\/h2>\n\n\n\n<details class=\"wp-block-details is-layout-flow wp-block-details-is-layout-flow\"><summary><strong>Quelles m\u00e9thodes de paiement sont accept\u00e9es ?<\/strong><\/summary>\n<p>Visa, Mastercard, American Express (et toutes les principales cartes bancaires), virements bancaires, et commandes par bon de commande (peut varier selon le pays).<\/p>\n<\/details>\n\n\n\n<details class=\"wp-block-details is-layout-flow wp-block-details-is-layout-flow\"><summary><strong>Proposez-vous des r\u00e9ductions ?<\/strong><\/summary>\n<p><strong>Oui ! Nous sommes heureux de proposer les r\u00e9ductions suivantes :<\/strong> :<\/p>\n\n\n\n<h5 class=\"wp-block-heading\"><strong>1. \u00c9coles de musique, conservatoires, et associations de petite taille<\/strong><\/h5>\n\n\n\n<p><em>(Moins de 5 employ\u00e9s \u00e0 temps plein)<\/em><\/p>\n\n\n\n<ul class=\"wp-block-list\">\n<li><strong>R\u00e9duction<\/strong> : 15% du total de la commande<\/li>\n\n\n\n<li><strong>Comment l'obtenir<\/strong> : Contactez-nous \u00e0 <a href=\"mailto:order@osmiummusic.com\" target=\"_blank\" rel=\"noreferrer noopener\">commande@osmiummusic.com<\/a> avec les d\u00e9tails de votre organisme pour recevoir votre code de r\u00e9duction.<\/li>\n<\/ul>\n\n\n\n<h5 class=\"wp-block-heading\"><strong>2. Associations de plus grande taille<\/strong><\/h5>\n\n\n\n<p><em>(Plus de 5 employ\u00e9s \u00e0 temps plein)<\/em><\/p>\n\n\n\n<ul class=\"wp-block-list\">\n<li><strong>R\u00e9duction<\/strong>: 5% du total de la commande<\/li>\n\n\n\n<li><strong>Comment l'obtenir<\/strong>: Contactez-nous \u00e0 <a href=\"mailto:order@osmiummusic.com\" target=\"_blank\" rel=\"noreferrer noopener\">commande@osmiummusic.com<\/a> avec un preuve d'\u00e9ligibilit\u00e9 (extrait JO, statuts...)<\/li>\n<\/ul>\n\n\n\n<h5 class=\"wp-block-heading\"><strong>3. Projets sp\u00e9ciaux<\/strong><\/h5>\n\n\n\n<p><em>(Projets \u00e9ducatifs, r\u00e9pertoire rare, d\u00e9mocratisation et diffusion de la musique vivante)<\/em> Nous sommes heureux de soutenir votre projet : Contactez-nous \u00e0 <a href=\"mailto:editions@osmiummusic.com\" target=\"_blank\" rel=\"noreferrer noopener\">editions@osmiummusic.com<\/a> avec les d\u00e9tails et un descriptif de votre projet pour obtenir une r\u00e9duction particuli\u00e8re.<\/p>\n<\/details>\n\n\n\n<hr class=\"wp-block-separator has-alpha-channel-opacity\"\/>\n\n\n\n<h2 class=\"wp-block-heading\">Produits et Services<\/h2>\n\n\n\n<details class=\"wp-block-details is-layout-flow wp-block-details-is-layout-flow\"><summary><strong>Quels produits proposez-vous ?<\/strong><\/summary>\n<p>Une s\u00e9lection soigneusement choisie de partitions \u2014 classiques, contemporaines et \u00e9ducatives \u2014 pour tous les instruments et ensembles.<\/p>\n<\/details>\n\n\n\n<details class=\"wp-block-details is-layout-flow wp-block-details-is-layout-flow\"><summary><strong>Quels autres services proposez-vous ?<\/strong><\/summary>\n<p>Arrangements sur mesure, transcriptions et partitions personnalis\u00e9es. Contactez-nous pour plus de d\u00e9tails.<\/p>\n<\/details>","protected":false},"excerpt":{"rendered":"<p>Account General Orders Payment Products &amp; Services<\/p>","protected":false},"author":1,"featured_media":0,"parent":0,"menu_order":0,"comment_status":"closed","ping_status":"closed","template":"","meta":{"_eb_attr":"","footnotes":"","css_class_manager_body_classes":"","css_class_manager_use_in_post_loop":false},"class_list":["post-519","page","type-page","status-publish","hentry"],"yoast_head":"<!-- This site is optimized with the Yoast SEO plugin v27.4 - https:\/\/yoast.com\/product\/yoast-seo-wordpress\/ -->\n<title>Frequently Asked Questions - Osmium music - modern editions<\/title>\n<meta name=\"robots\" content=\"index, follow, max-snippet:-1, max-image-preview:large, max-video-preview:-1\" \/>\n<link rel=\"canonical\" href=\"https:\/\/shop.osmiummusic.com\/fr\/frequently-asked-questions\/\" \/>\n<meta property=\"og:locale\" content=\"fr_FR\" \/>\n<meta property=\"og:type\" content=\"article\" \/>\n<meta property=\"og:title\" content=\"Frequently Asked Questions - Osmium music - modern editions\" \/>\n<meta property=\"og:description\" content=\"Account General Orders Payment Products &amp; Services\" \/>\n<meta property=\"og:url\" content=\"https:\/\/shop.osmiummusic.com\/fr\/frequently-asked-questions\/\" \/>\n<meta property=\"og:site_name\" content=\"Osmium music - modern editions\" \/>\n<meta property=\"article:modified_time\" content=\"2025-09-23T16:29:53+00:00\" \/>\n<meta name=\"twitter:card\" content=\"summary_large_image\" \/>\n<meta name=\"twitter:label1\" content=\"Dur\u00e9e de lecture estim\u00e9e\" \/>\n\t<meta name=\"twitter:data1\" content=\"3 minutes\" \/>\n<script type=\"application\/ld+json\" class=\"yoast-schema-graph\">{\"@context\":\"https:\\\/\\\/schema.org\",\"@graph\":[{\"@type\":\"WebPage\",\"@id\":\"https:\\\/\\\/shop.osmiummusic.com\\\/frequently-asked-questions\\\/\",\"url\":\"https:\\\/\\\/shop.osmiummusic.com\\\/frequently-asked-questions\\\/\",\"name\":\"Frequently Asked Questions - Osmium music - modern editions\",\"isPartOf\":{\"@id\":\"https:\\\/\\\/shop.osmiummusic.com\\\/#website\"},\"datePublished\":\"2025-08-25T20:18:42+00:00\",\"dateModified\":\"2025-09-23T16:29:53+00:00\",\"breadcrumb\":{\"@id\":\"https:\\\/\\\/shop.osmiummusic.com\\\/frequently-asked-questions\\\/#breadcrumb\"},\"inLanguage\":\"fr-FR\",\"potentialAction\":[{\"@type\":\"ReadAction\",\"target\":[\"https:\\\/\\\/shop.osmiummusic.com\\\/frequently-asked-questions\\\/\"]}]},{\"@type\":\"BreadcrumbList\",\"@id\":\"https:\\\/\\\/shop.osmiummusic.com\\\/frequently-asked-questions\\\/#breadcrumb\",\"itemListElement\":[{\"@type\":\"ListItem\",\"position\":1,\"name\":\"Home\",\"item\":\"https:\\\/\\\/shop.osmiummusic.com\\\/\"},{\"@type\":\"ListItem\",\"position\":2,\"name\":\"Frequently Asked Questions\"}]},{\"@type\":\"WebSite\",\"@id\":\"https:\\\/\\\/shop.osmiummusic.com\\\/#website\",\"url\":\"https:\\\/\\\/shop.osmiummusic.com\\\/\",\"name\":\"Osmium music - modern editions\",\"description\":\"tailored for today&#039;s musicians\",\"publisher\":{\"@id\":\"https:\\\/\\\/shop.osmiummusic.com\\\/#organization\"},\"potentialAction\":[{\"@type\":\"SearchAction\",\"target\":{\"@type\":\"EntryPoint\",\"urlTemplate\":\"https:\\\/\\\/shop.osmiummusic.com\\\/?s={search_term_string}\"},\"query-input\":{\"@type\":\"PropertyValueSpecification\",\"valueRequired\":true,\"valueName\":\"search_term_string\"}}],\"inLanguage\":\"fr-FR\"},{\"@type\":\"Organization\",\"@id\":\"https:\\\/\\\/shop.osmiummusic.com\\\/#organization\",\"name\":\"Osmium music\",\"url\":\"https:\\\/\\\/shop.osmiummusic.com\\\/\",\"logo\":{\"@type\":\"ImageObject\",\"inLanguage\":\"fr-FR\",\"@id\":\"https:\\\/\\\/shop.osmiummusic.com\\\/#\\\/schema\\\/logo\\\/image\\\/\",\"url\":\"https:\\\/\\\/s3.fr-par.scw.cloud\\\/osmium-music-pub\\\/publishing\\\/Logo_noText_BDO_Transparent.png\",\"contentUrl\":\"https:\\\/\\\/s3.fr-par.scw.cloud\\\/osmium-music-pub\\\/publishing\\\/Logo_noText_BDO_Transparent.png\",\"width\":1001,\"height\":1001,\"caption\":\"Osmium music\"},\"image\":{\"@id\":\"https:\\\/\\\/shop.osmiummusic.com\\\/#\\\/schema\\\/logo\\\/image\\\/\"},\"sameAs\":[\"https:\\\/\\\/www.instagram.com\\\/osmium.music\\\/\",\"https:\\\/\\\/fr.linkedin.com\\\/company\\\/osmium-music\"]}]}<\/script>\n<!-- \/ Yoast SEO plugin. -->","yoast_head_json":{"title":"Frequently Asked Questions - Osmium music - modern editions","robots":{"index":"index","follow":"follow","max-snippet":"max-snippet:-1","max-image-preview":"max-image-preview:large","max-video-preview":"max-video-preview:-1"},"canonical":"https:\/\/shop.osmiummusic.com\/fr\/frequently-asked-questions\/","og_locale":"fr_FR","og_type":"article","og_title":"Frequently Asked Questions - Osmium music - modern editions","og_description":"Account General Orders Payment Products &amp; Services","og_url":"https:\/\/shop.osmiummusic.com\/fr\/frequently-asked-questions\/","og_site_name":"Osmium music - modern editions","article_modified_time":"2025-09-23T16:29:53+00:00","twitter_card":"summary_large_image","twitter_misc":{"Dur\u00e9e de lecture estim\u00e9e":"3 minutes"},"schema":{"@context":"https:\/\/schema.org","@graph":[{"@type":"WebPage","@id":"https:\/\/shop.osmiummusic.com\/frequently-asked-questions\/","url":"https:\/\/shop.osmiummusic.com\/frequently-asked-questions\/","name":"Frequently Asked Questions - Osmium music - modern editions","isPartOf":{"@id":"https:\/\/shop.osmiummusic.com\/#website"},"datePublished":"2025-08-25T20:18:42+00:00","dateModified":"2025-09-23T16:29:53+00:00","breadcrumb":{"@id":"https:\/\/shop.osmiummusic.com\/frequently-asked-questions\/#breadcrumb"},"inLanguage":"fr-FR","potentialAction":[{"@type":"ReadAction","target":["https:\/\/shop.osmiummusic.com\/frequently-asked-questions\/"]}]},{"@type":"BreadcrumbList","@id":"https:\/\/shop.osmiummusic.com\/frequently-asked-questions\/#breadcrumb","itemListElement":[{"@type":"ListItem","position":1,"name":"Home","item":"https:\/\/shop.osmiummusic.com\/"},{"@type":"ListItem","position":2,"name":"Frequently Asked Questions"}]},{"@type":"WebSite","@id":"https:\/\/shop.osmiummusic.com\/#website","url":"https:\/\/shop.osmiummusic.com\/","name":"Osmium music - modern editions","description":"pour les musiciens d'aujourd'hui","publisher":{"@id":"https:\/\/shop.osmiummusic.com\/#organization"},"potentialAction":[{"@type":"SearchAction","target":{"@type":"EntryPoint","urlTemplate":"https:\/\/shop.osmiummusic.com\/?s={search_term_string}"},"query-input":{"@type":"PropertyValueSpecification","valueRequired":true,"valueName":"search_term_string"}}],"inLanguage":"fr-FR"},{"@type":"Organization","@id":"https:\/\/shop.osmiummusic.com\/#organization","name":"Osmium music","url":"https:\/\/shop.osmiummusic.com\/","logo":{"@type":"ImageObject","inLanguage":"fr-FR","@id":"https:\/\/shop.osmiummusic.com\/#\/schema\/logo\/image\/","url":"https:\/\/s3.fr-par.scw.cloud\/osmium-music-pub\/publishing\/Logo_noText_BDO_Transparent.png","contentUrl":"https:\/\/s3.fr-par.scw.cloud\/osmium-music-pub\/publishing\/Logo_noText_BDO_Transparent.png","width":1001,"height":1001,"caption":"Osmium music"},"image":{"@id":"https:\/\/shop.osmiummusic.com\/#\/schema\/logo\/image\/"},"sameAs":["https:\/\/www.instagram.com\/osmium.music\/","https:\/\/fr.linkedin.com\/company\/osmium-music"]}]}},"_links":{"self":[{"href":"https:\/\/shop.osmiummusic.com\/fr\/wp-json\/wp\/v2\/pages\/519","targetHints":{"allow":["GET"]}}],"collection":[{"href":"https:\/\/shop.osmiummusic.com\/fr\/wp-json\/wp\/v2\/pages"}],"about":[{"href":"https:\/\/shop.osmiummusic.com\/fr\/wp-json\/wp\/v2\/types\/page"}],"author":[{"embeddable":true,"href":"https:\/\/shop.osmiummusic.com\/fr\/wp-json\/wp\/v2\/users\/1"}],"replies":[{"embeddable":true,"href":"https:\/\/shop.osmiummusic.com\/fr\/wp-json\/wp\/v2\/comments?post=519"}],"version-history":[{"count":6,"href":"https:\/\/shop.osmiummusic.com\/fr\/wp-json\/wp\/v2\/pages\/519\/revisions"}],"predecessor-version":[{"id":1312,"href":"https:\/\/shop.osmiummusic.com\/fr\/wp-json\/wp\/v2\/pages\/519\/revisions\/1312"}],"wp:attachment":[{"href":"https:\/\/shop.osmiummusic.com\/fr\/wp-json\/wp\/v2\/media?parent=519"}],"curies":[{"name":"wp","href":"https:\/\/api.w.org\/{rel}","templated":true}]}}