{"id":3,"date":"2025-08-14T09:11:47","date_gmt":"2025-08-14T09:11:47","guid":{"rendered":"https:\/\/shop.osmiummusic.com\/?page_id=3"},"modified":"2025-08-24T22:50:52","modified_gmt":"2025-08-24T20:50:52","slug":"privacy-policy","status":"publish","type":"page","link":"https:\/\/shop.osmiummusic.com\/fr\/privacy-policy\/","title":{"rendered":"Politique de confidentialit\u00e9"},"content":{"rendered":"<p><strong>En vigueur au 01\/01\/2026<\/strong><\/p>\n\n\n\n<p>Le Client est inform\u00e9 que la collecte de ses donn\u00e9es personnelles est n\u00e9cessaire \u00e0 la vente des Produits et \u00e0 leur livraison\/fourniture confi\u00e9e au Vendeur. Les donn\u00e9es personnelles sont collect\u00e9es uniquement pour l\u2019ex\u00e9cution du contrat de vente.<\/p>\n\n\n\n<h2 class=\"wp-block-heading\">1. Collecte de donn\u00e9es personelles<\/h2>\n\n\n\n<p>Les donn\u00e9es personnelles collect\u00e9es sur le site shop.osmiummusic.com incluent :<\/p>\n\n\n\n<p><strong>Lors de votre visite dans notre boutique, nous suivrons :<\/strong><br>\u2014 Les produits que vous avez consult\u00e9s : nous utiliserons ces informations pour, par exemple, vous montrer les produits que vous avez r\u00e9cemment consult\u00e9s.<br>\u2014 Emplacement, adresse IP et type de navigateur : nous utiliserons ces informations \u00e0 des fins telles que l'estimation des taxes et des frais de livraison.<br>\u2014 Adresse de livraison : nous vous demanderons de la saisir afin de, par exemple, estimer les frais de livraison avant que vous passiez commande, et pour vous envoyer votre commande.<br><\/p>\n\n\n\n<p><strong>Quand vous demanderez un devis, nous suivrons :<\/strong><br>\u2014 Produits ajout\u00e9s \u00e0 la liste de devis : ces produits seront utilis\u00e9s pour vous proposer notre meilleur prix.<br>\u2014 Tous les champs du formulaire de demande de devis : nom, e-mail et contenu du message.<\/p>\n\n\n\n<p>Nous utiliserons \u00e9galement des cookies pour suivre le contenu de votre panier pendant que vous naviguez sur notre site.<\/p>\n\n\n\n<p><strong>Quand vous passerez commande, nous suivrons :<\/strong><br>Lorsque vous effectuez un achat chez nous, nous vous demanderons de fournir des informations, notamment votre nom, adresse de facturation, adresse de livraison, adresse e-mail, num\u00e9ro de t\u00e9l\u00e9phone, d\u00e9tails de carte de cr\u00e9dit\/paiement et, facultativement, des informations de compte comme un nom d'utilisateur et un mot de passe. Nous utiliserons ces informations dans des buts tels que :<\/p>\n\n\n\n<ul class=\"wp-block-list\">\n<li>Vous envoyer des informations \u00e0 propos de votre commande ou votre commande<\/li>\n\n\n\n<li>R\u00e9pondre \u00e0 vos demandes, incluant remboursements et r\u00e9clamations<\/li>\n\n\n\n<li>Traiter les paiements et lutter contre la fraude<\/li>\n\n\n\n<li>Configurer votre compte pour notre boutique<\/li>\n\n\n\n<li>Respecter nos obligations l\u00e9gales, comme le calcul des taxes<\/li>\n\n\n\n<li>Am\u00e9liorer les offres de notre boutique<\/li>\n\n\n\n<li>Vous envoyer des messages marketing, si vous choisissez de les recevoir<\/li>\n<\/ul>\n\n\n\n<p><strong>Pour les paiements avec Paypal ou Stripe<em>:<\/em><\/strong><br>Prix total, devise, informations de facturation<br><strong>Pour les taxes :<\/strong> La valeur des articles dans le panier, le montant des frais de livraison et l'adresse de destination.<br><strong>Pour les frais de paiement :<\/strong> l'adresse de destination, les identifiants des produits achet\u00e9s, leurs dimensions, leur poids et les quantit\u00e9s.<\/p>\n\n\n\n<p>Si vous cr\u00e9ez un compte, nous conserverons votre nom, adresse, e-mail et num\u00e9ro de t\u00e9l\u00e9phone, qui serviront \u00e0 pr\u00e9remplir les informations de paiement pour vos futures commandes.<\/p>\n\n\n\n<p>Nous conserverons \u00e9galement vos commentaires ou avis, si vous choisissez d\u2019en laisser.<\/p>\n\n\n\n<p><strong>Paiement :<\/strong><br>\u2013 Les donn\u00e9es financi\u00e8res relatives au compte bancaire ou \u00e0 la carte de cr\u00e9dit du client, n\u00e9cessaires pour traiter le paiement.<\/p>\n\n\n\n<p><strong>Contenu int\u00e9gr\u00e9 en provenance d'autres sites web :<\/strong><\/p>\n\n\n\n<p><strong> <\/strong>Les articles sur ce site peuvent inclure du contenu int\u00e9gr\u00e9 (par exemple, des vid\u00e9os, des images, des articles, etc.). Le contenu int\u00e9gr\u00e9 en provenance d'autres sites se comporte de la m\u00eame mani\u00e8re que si le visiteur se rendait sur ces autres sites.<\/p>\n\n\n\n<p>Ces sites peuvent collecter des donn\u00e9es vous concernant, utiliser des cookies, int\u00e9grer des outils de suivi tiers et surveiller votre interaction avec ce contenu int\u00e9gr\u00e9, y compris si vous \u00eates connect\u00e9 \u00e0 un compte sur ces sites.<\/p>\n\n\n\n<h2 class=\"wp-block-heading\">2. Destinataires des donn\u00e9es personnelles<\/h2>\n\n\n\n<p>Les membres de notre \u00e9quipe ont acc\u00e8s aux informations que vous nous fournissez. Par exemple, les administrateurs et les responsables de boutique peuvent acc\u00e9der \u00e0 :<\/p>\n\n\n\n<ul class=\"wp-block-list\">\n<li>les informations de commande, comme les produits achet\u00e9s, la date d'achat et l'adresse de livraison, et<\/li>\n\n\n\n<li>les informations client, comme votre nom, votre adresse e-mail, ainsi que les informations de facturation et de livraison.<\/li>\n\n\n\n<li>la demande de devis que vous avez soumise via notre boutique.<\/li>\n\n\n\n<li>les donn\u00e9es saisies dans le formulaire de demande de devis.<\/li>\n<\/ul>\n\n\n\n<p>Nos membres d'\u00e9quipe acc\u00e8dent \u00e0 ces informations pour traiter les commandes, g\u00e9rer les remboursements et vous assister.<\/p>\n\n\n\n<p><strong>Donn\u00e9es synchronis\u00e9es avec des services externes :<\/strong><\/p>\n\n\n\n<p class=\"translation-block\"><strong>Pour les paiements<\/strong>, nous envoyons le montant total de l'achat, la devise et les informations de facturation du client au processeur de paiement concern\u00e9. Pour plus de d\u00e9tails, veuillez consulter la politique de confidentialit\u00e9 du tiers concern\u00e9 (<a href=\"https:\/\/stripe.com\/privacy\/\" target=\"_blank\" rel=\"noreferrer noopener\">Politique de confidentialit\u00e9 de Stripe<\/a> et <a href=\"https:\/\/www.paypal.com\/fr\/webapps\/mpp\/ua\/privacy-full\" target=\"_blank\" rel=\"noreferrer noopener\">Politique de confidentialit\u00e9 de PayPal<\/a>).\n<br><strong>Pour les taxes automatis\u00e9es<\/strong>, nous envoyons la valeur des biens dans le panier, la valeur de la livraison et l'adresse de destination \u00e0 TaxJar. Veuillez consulter la <a href=\"https:\/\/www.taxjar.com\/privacy-policy\/\" target=\"_self\">politique de confidentialit\u00e9 de TaxJar<\/a> pour plus de d\u00e9tails sur la mani\u00e8re dont ces informations sont trait\u00e9es.\n<br><strong>Pour les tarifs de livraison<\/strong>, nous envoyons le code postal\/la destination et les dimensions, poids et quantit\u00e9s des produits achet\u00e9s directement au transporteur ou via <a href=\"https:\/\/www.easypost.com\/\" target=\"_self\">EasyPost<\/a>, selon le service utilis\u00e9.<\/p>\n\n\n\n<h2 class=\"wp-block-heading\">3. Responsable du traitement des donn\u00e9es<\/h2>\n\n\n\n<p>Le responsable du traitement est le Vendeur, au sens de la loi Informatique et Libert\u00e9s et, \u00e0 partir du 25 mai 2018, du R\u00e8glement (UE) 2016\/679 (R\u00e8glement G\u00e9n\u00e9ral sur la Protection des Donn\u00e9es \u2013 RGPD).<\/p>\n\n\n\n<p>Le Vendeur peut \u00eatre contact\u00e9 via <a href=\"mailto:contact@osmiummusic.com\">contact@osmiummusic.com<\/a><\/p>\n\n\n\n<h2 class=\"wp-block-heading\">4. Limitation du traitement<\/h2>\n\n\n\n<p>Sauf accord expr\u00e8s du Client, les donn\u00e9es personnelles ne seront pas utilis\u00e9es \u00e0 des fins publicitaires ou de marketing.<\/p>\n\n\n\n<p>Les commentaires des visiteurs peuvent \u00eatre v\u00e9rifi\u00e9s par un service automatis\u00e9 de d\u00e9tection de spam.<\/p>\n\n\n\n<h2 class=\"wp-block-heading\">5. Dur\u00e9e de conservation des donn\u00e9es<\/h2>\n\n\n\n<p>Le Vendeur conservera les donn\u00e9es personnelles collect\u00e9es pendant une dur\u00e9e de 6 ans, couvrant le d\u00e9lai de prescription l\u00e9gal applicable en mati\u00e8re de responsabilit\u00e9 contractuelle.<\/p>\n\n\n\n<h2 class=\"wp-block-heading\">6. Security and Confidentiality<\/h2>\n\n\n\n<p>Le Vendeur met en \u0153uvre des mesures organisationnelles, techniques, logicielles et physiques en mati\u00e8re de s\u00e9curit\u00e9 num\u00e9rique pour prot\u00e9ger les donn\u00e9es personnelles contre toute alt\u00e9ration, destruction et acc\u00e8s non autoris\u00e9. Cependant, il est port\u00e9 \u00e0 la connaissance du Client que l'Internet n'est pas un environnement totalement s\u00e9curis\u00e9, et le Vendeur ne peut garantir la s\u00e9curit\u00e9 de la transmission ou du stockage des informations sur l'Internet.<\/p>\n\n\n\n<p>Ce site utilise la mise en cache afin d'offrir un temps de r\u00e9ponse plus rapide et une meilleure exp\u00e9rience utilisateur. La mise en cache peut stocker une copie duplicate de chaque page web affich\u00e9e sur ce site. Tous les fichiers en cache sont temporaires et ne sont jamais accessibles par des tiers, sauf si n\u00e9cessaire pour obtenir une assistance technique de la part de l'\u00e9diteur de l'extension de cache. Les fichiers en cache expirent selon un calendrier d\u00e9fini par l'administrateur du site, mais peuvent \u00eatre facilement supprim\u00e9s par l'administrateur avant leur expiration naturelle, si besoin. Nous pouvons utiliser les services QUIC.cloud pour traiter et mettre en cache vos donn\u00e9es temporairement. Veuillez consulter <a href=\"https:\/\/quic.cloud\/privacy-policy\/\" target=\"_blank\" rel=\"noreferrer noopener\">https:\/\/quic.cloud\/privacy-policy\/<\/a> pour plus de d\u00e9tails.<\/p>\n\n\n\n<h2 class=\"wp-block-heading\">7. Droits des clients et des utilisateurs<\/h2>\n\n\n\n<p>Conform\u00e9ment \u00e0 la r\u00e9glementation applicable en mati\u00e8re de donn\u00e9es personnelles, les clients et utilisateurs du site shop.osmiummusic.com disposent des droits suivants :<\/p>\n\n\n\n<ul class=\"wp-block-list\">\n<li>Mettre \u00e0 jour ou supprimer leurs donn\u00e9es (droit de rectification et d\u2019effacement).<\/li>\n\n\n\n<li>Supprimer leur compte en contactant le responsable du traitement (<a href=\"mailto:contact@osmiummusic.com\">contact@osmiummusic.com<\/a>).<\/li>\n\n\n\n<li>Exercer leur droit d\u2019acc\u00e8s pour savoir quelles donn\u00e9es personnelles sont d\u00e9tenues les concernant.<\/li>\n\n\n\n<li>Corriger toute donn\u00e9e inexacte.<\/li>\n\n\n\n<li>Demander la suppression de leurs donn\u00e9es personnelles, sous r\u00e9serve des lois applicables en mati\u00e8re de protection des donn\u00e9es.<\/li>\n\n\n\n<li>Demander la portabilit\u00e9 de leurs donn\u00e9es vers un autre prestataire.<\/li>\n\n\n\n<li>S\u2019opposer au traitement de leurs donn\u00e9es.<\/li>\n<\/ul>\n\n\n\n<p>Ces droits, sous r\u00e9serve qu\u2019ils ne soient pas incompatibles avec la finalit\u00e9 du traitement, peuvent \u00eatre exerc\u00e9s en adressant une demande \u00e9crite par e-mail au responsable du traitement (<a href=\"mailto:contact@osmiummusic.com\">contact@osmiummusic.com<\/a>).<\/p>\n\n\n\n<p>Le responsable du traitement doit r\u00e9pondre dans un d\u00e9lai maximal d\u2019un mois. En cas de refus, le client en sera inform\u00e9 des motifs.<\/p>\n\n\n\n<p>Le Client est \u00e9galement inform\u00e9 que, en cas de refus, il peut introduire une r\u00e9clamation aupr\u00e8s de la CNIL (3 Place de Fontenoy, 75007 Paris, France) ou exercer un recours devant les tribunaux.<\/p>\n\n\n\n<p>Le Client peut \u00e9galement \u00eatre invit\u00e9 \u00e0 cocher une case pour indiquer son accord afin de recevoir des e-mails d\u2019information et de promotion de la part du Vendeur. Il peut retirer son consentement \u00e0 tout moment en contactant le Vendeur ou en suivant le lien de d\u00e9sabonnement inclus dans ces e-mails.<\/p>","protected":false},"excerpt":{"rendered":"<p>Effective as of 01\/01\/2026 The Client is informed that the collection of their personal data is necessary for the sale of the Products and their delivery\/supply by the Seller. Such personal data is collected solely for the performance of the sales contract. 1. Collection of Personal Data The personal data collected on the website shop.osmiummusic.com [&hellip;]<\/p>\n","protected":false},"author":1,"featured_media":0,"parent":0,"menu_order":0,"comment_status":"closed","ping_status":"open","template":"","meta":{"_eb_attr":"","footnotes":"","css_class_manager_body_classes":"","css_class_manager_use_in_post_loop":false},"class_list":["post-3","page","type-page","status-publish","hentry"],"yoast_head":"<!-- This site is optimized with the Yoast SEO plugin v27.4 - https:\/\/yoast.com\/product\/yoast-seo-wordpress\/ -->\n<title>Privacy Policy - Osmium music - modern editions<\/title>\n<meta name=\"robots\" content=\"index, follow, max-snippet:-1, max-image-preview:large, max-video-preview:-1\" \/>\n<link rel=\"canonical\" href=\"https:\/\/shop.osmiummusic.com\/fr\/privacy-policy\/\" \/>\n<meta property=\"og:locale\" content=\"fr_FR\" \/>\n<meta property=\"og:type\" content=\"article\" \/>\n<meta property=\"og:title\" content=\"Privacy Policy - Osmium music - modern editions\" \/>\n<meta property=\"og:description\" content=\"Effective as of 01\/01\/2026 The Client is informed that the collection of their personal data is necessary for the sale of the Products and their delivery\/supply by the Seller. Such personal data is collected solely for the performance of the sales contract. 1. Collection of Personal Data The personal data collected on the website shop.osmiummusic.com [&hellip;]\" \/>\n<meta property=\"og:url\" content=\"https:\/\/shop.osmiummusic.com\/fr\/privacy-policy\/\" \/>\n<meta property=\"og:site_name\" content=\"Osmium music - modern editions\" \/>\n<meta property=\"article:modified_time\" content=\"2025-08-24T20:50:52+00:00\" \/>\n<meta name=\"twitter:card\" content=\"summary_large_image\" \/>\n<meta name=\"twitter:label1\" content=\"Dur\u00e9e de lecture estim\u00e9e\" \/>\n\t<meta name=\"twitter:data1\" content=\"5 minutes\" \/>\n<script type=\"application\/ld+json\" class=\"yoast-schema-graph\">{\"@context\":\"https:\\\/\\\/schema.org\",\"@graph\":[{\"@type\":\"WebPage\",\"@id\":\"https:\\\/\\\/shop.osmiummusic.com\\\/privacy-policy\\\/\",\"url\":\"https:\\\/\\\/shop.osmiummusic.com\\\/privacy-policy\\\/\",\"name\":\"Privacy Policy - Osmium music - modern editions\",\"isPartOf\":{\"@id\":\"https:\\\/\\\/shop.osmiummusic.com\\\/#website\"},\"datePublished\":\"2025-08-14T09:11:47+00:00\",\"dateModified\":\"2025-08-24T20:50:52+00:00\",\"breadcrumb\":{\"@id\":\"https:\\\/\\\/shop.osmiummusic.com\\\/privacy-policy\\\/#breadcrumb\"},\"inLanguage\":\"fr-FR\",\"potentialAction\":[{\"@type\":\"ReadAction\",\"target\":[\"https:\\\/\\\/shop.osmiummusic.com\\\/privacy-policy\\\/\"]}]},{\"@type\":\"BreadcrumbList\",\"@id\":\"https:\\\/\\\/shop.osmiummusic.com\\\/privacy-policy\\\/#breadcrumb\",\"itemListElement\":[{\"@type\":\"ListItem\",\"position\":1,\"name\":\"Home\",\"item\":\"https:\\\/\\\/shop.osmiummusic.com\\\/\"},{\"@type\":\"ListItem\",\"position\":2,\"name\":\"Privacy Policy\"}]},{\"@type\":\"WebSite\",\"@id\":\"https:\\\/\\\/shop.osmiummusic.com\\\/#website\",\"url\":\"https:\\\/\\\/shop.osmiummusic.com\\\/\",\"name\":\"Osmium music - modern editions\",\"description\":\"tailored for today&#039;s musicians\",\"publisher\":{\"@id\":\"https:\\\/\\\/shop.osmiummusic.com\\\/#organization\"},\"potentialAction\":[{\"@type\":\"SearchAction\",\"target\":{\"@type\":\"EntryPoint\",\"urlTemplate\":\"https:\\\/\\\/shop.osmiummusic.com\\\/?s={search_term_string}\"},\"query-input\":{\"@type\":\"PropertyValueSpecification\",\"valueRequired\":true,\"valueName\":\"search_term_string\"}}],\"inLanguage\":\"fr-FR\"},{\"@type\":\"Organization\",\"@id\":\"https:\\\/\\\/shop.osmiummusic.com\\\/#organization\",\"name\":\"Osmium music\",\"url\":\"https:\\\/\\\/shop.osmiummusic.com\\\/\",\"logo\":{\"@type\":\"ImageObject\",\"inLanguage\":\"fr-FR\",\"@id\":\"https:\\\/\\\/shop.osmiummusic.com\\\/#\\\/schema\\\/logo\\\/image\\\/\",\"url\":\"https:\\\/\\\/s3.fr-par.scw.cloud\\\/osmium-music-pub\\\/publishing\\\/Logo_noText_BDO_Transparent.png\",\"contentUrl\":\"https:\\\/\\\/s3.fr-par.scw.cloud\\\/osmium-music-pub\\\/publishing\\\/Logo_noText_BDO_Transparent.png\",\"width\":1001,\"height\":1001,\"caption\":\"Osmium music\"},\"image\":{\"@id\":\"https:\\\/\\\/shop.osmiummusic.com\\\/#\\\/schema\\\/logo\\\/image\\\/\"},\"sameAs\":[\"https:\\\/\\\/www.instagram.com\\\/osmium.music\\\/\",\"https:\\\/\\\/fr.linkedin.com\\\/company\\\/osmium-music\"]}]}<\/script>\n<!-- \/ Yoast SEO plugin. -->","yoast_head_json":{"title":"Privacy Policy - Osmium music - modern editions","robots":{"index":"index","follow":"follow","max-snippet":"max-snippet:-1","max-image-preview":"max-image-preview:large","max-video-preview":"max-video-preview:-1"},"canonical":"https:\/\/shop.osmiummusic.com\/fr\/privacy-policy\/","og_locale":"fr_FR","og_type":"article","og_title":"Privacy Policy - Osmium music - modern editions","og_description":"Effective as of 01\/01\/2026 The Client is informed that the collection of their personal data is necessary for the sale of the Products and their delivery\/supply by the Seller. Such personal data is collected solely for the performance of the sales contract. 1. Collection of Personal Data The personal data collected on the website shop.osmiummusic.com [&hellip;]","og_url":"https:\/\/shop.osmiummusic.com\/fr\/privacy-policy\/","og_site_name":"Osmium music - modern editions","article_modified_time":"2025-08-24T20:50:52+00:00","twitter_card":"summary_large_image","twitter_misc":{"Dur\u00e9e de lecture estim\u00e9e":"5 minutes"},"schema":{"@context":"https:\/\/schema.org","@graph":[{"@type":"WebPage","@id":"https:\/\/shop.osmiummusic.com\/privacy-policy\/","url":"https:\/\/shop.osmiummusic.com\/privacy-policy\/","name":"Privacy Policy - Osmium music - modern editions","isPartOf":{"@id":"https:\/\/shop.osmiummusic.com\/#website"},"datePublished":"2025-08-14T09:11:47+00:00","dateModified":"2025-08-24T20:50:52+00:00","breadcrumb":{"@id":"https:\/\/shop.osmiummusic.com\/privacy-policy\/#breadcrumb"},"inLanguage":"fr-FR","potentialAction":[{"@type":"ReadAction","target":["https:\/\/shop.osmiummusic.com\/privacy-policy\/"]}]},{"@type":"BreadcrumbList","@id":"https:\/\/shop.osmiummusic.com\/privacy-policy\/#breadcrumb","itemListElement":[{"@type":"ListItem","position":1,"name":"Home","item":"https:\/\/shop.osmiummusic.com\/"},{"@type":"ListItem","position":2,"name":"Privacy Policy"}]},{"@type":"WebSite","@id":"https:\/\/shop.osmiummusic.com\/#website","url":"https:\/\/shop.osmiummusic.com\/","name":"Osmium music - modern editions","description":"pour les musiciens d'aujourd'hui","publisher":{"@id":"https:\/\/shop.osmiummusic.com\/#organization"},"potentialAction":[{"@type":"SearchAction","target":{"@type":"EntryPoint","urlTemplate":"https:\/\/shop.osmiummusic.com\/?s={search_term_string}"},"query-input":{"@type":"PropertyValueSpecification","valueRequired":true,"valueName":"search_term_string"}}],"inLanguage":"fr-FR"},{"@type":"Organization","@id":"https:\/\/shop.osmiummusic.com\/#organization","name":"Osmium music","url":"https:\/\/shop.osmiummusic.com\/","logo":{"@type":"ImageObject","inLanguage":"fr-FR","@id":"https:\/\/shop.osmiummusic.com\/#\/schema\/logo\/image\/","url":"https:\/\/s3.fr-par.scw.cloud\/osmium-music-pub\/publishing\/Logo_noText_BDO_Transparent.png","contentUrl":"https:\/\/s3.fr-par.scw.cloud\/osmium-music-pub\/publishing\/Logo_noText_BDO_Transparent.png","width":1001,"height":1001,"caption":"Osmium music"},"image":{"@id":"https:\/\/shop.osmiummusic.com\/#\/schema\/logo\/image\/"},"sameAs":["https:\/\/www.instagram.com\/osmium.music\/","https:\/\/fr.linkedin.com\/company\/osmium-music"]}]}},"_links":{"self":[{"href":"https:\/\/shop.osmiummusic.com\/fr\/wp-json\/wp\/v2\/pages\/3","targetHints":{"allow":["GET"]}}],"collection":[{"href":"https:\/\/shop.osmiummusic.com\/fr\/wp-json\/wp\/v2\/pages"}],"about":[{"href":"https:\/\/shop.osmiummusic.com\/fr\/wp-json\/wp\/v2\/types\/page"}],"author":[{"embeddable":true,"href":"https:\/\/shop.osmiummusic.com\/fr\/wp-json\/wp\/v2\/users\/1"}],"replies":[{"embeddable":true,"href":"https:\/\/shop.osmiummusic.com\/fr\/wp-json\/wp\/v2\/comments?post=3"}],"version-history":[{"count":0,"href":"https:\/\/shop.osmiummusic.com\/fr\/wp-json\/wp\/v2\/pages\/3\/revisions"}],"wp:attachment":[{"href":"https:\/\/shop.osmiummusic.com\/fr\/wp-json\/wp\/v2\/media?parent=3"}],"curies":[{"name":"wp","href":"https:\/\/api.w.org\/{rel}","templated":true}]}}