{"id":226,"date":"2025-08-21T18:45:52","date_gmt":"2025-08-21T16:45:52","guid":{"rendered":"https:\/\/shop.osmiummusic.com\/?page_id=226"},"modified":"2025-08-23T11:12:56","modified_gmt":"2025-08-23T09:12:56","slug":"legal-notice","status":"publish","type":"page","link":"https:\/\/shop.osmiummusic.com\/fr\/legal-notice\/","title":{"rendered":"Mentions l\u00e9gales"},"content":{"rendered":"<h2 class=\"wp-block-heading\">Identit\u00e9<\/h2>\n\n\n\n<p><strong>Nom du site :<\/strong> Osmium Music<br><strong>Adresse du site :<\/strong> <a href=\"https:\/\/shop.osmiummusic.com\/fr\/\" data-type=\"link\" data-id=\"https:\/\/shop.osmiummusic.com\">https:\/\/shop.osmiummusic.com<\/a><\/p>\n\n\n\n<p><strong>Propri\u00e9taire :<\/strong> Osmium Music SARL,<br>46 boulevard de Courtais, 03000 MOULINS (France)<\/p>\n\n\n\n<p><strong>OSMIUM MUSIC<\/strong><br>SARL au capital de 1000 \u20ac<br>RCS : 980 862 155<br>Immatricul\u00e9e au R.C.S. de Cusset<br>N\u00b0 TVA : FR06980862155<br>Email: <a>contact@osmiummusic.com<\/a><\/p>\n\n\n\n<hr class=\"wp-block-separator has-alpha-channel-opacity\"\/>\n\n\n\n<h2 class=\"wp-block-heading\">H\u00e9bergement<\/h2>\n\n\n\n<p>Ce site est h\u00e9berg\u00e9 par <strong>HOSTINGER<\/strong>, dont le si\u00e8ge social est situ\u00e9 \u00e0 :<\/p>\n\n\n\n<p>HOSTINGER operations, UAB<br>\u0160vitrigailos str. 34, Vilnius 03230, Lithuanie<br>T\u00e9l\u00e9phone : +37064503378<br>Email: <a>domains@hostinger.com<\/a><\/p>\n\n\n\n<p>L'h\u00e9bergeur peut \u00eatre contact\u00e9 via le lien suivant : <a href=\"https:\/\/www.hostinger.fr\/contact\">https:\/\/www.hostinger.fr\/contact<\/a><\/p>\n\n\n\n<hr class=\"wp-block-separator has-alpha-channel-opacity\"\/>\n\n\n\n<h2 class=\"wp-block-heading\">Conditions G\u00e9n\u00e9rales de Vente, Conditions G\u00e9n\u00e9rales d'Utilisation &amp; Politique de confidentialit\u00e9<\/h2>\n\n\n\n<p>Chaque utilisateur a le droit d'acc\u00e9der, de rectifier et de s'opposer aux donn\u00e9es personnelles le concernant, en effectuant une demande \u00e9crite et sign\u00e9e, accompagn\u00e9e d'une preuve d'identit\u00e9.<\/p>\n\n\n\n<ul class=\"wp-block-list\">\n<li><strong>Conditions G\u00e9n\u00e9rales d'Utilisation (CGU)<\/strong> : voir la page <a href=\"https:\/\/shop.osmiummusic.com\/fr\/terms-and-conditions-of-use\/\" data-type=\"page\" data-id=\"330\">Conditions G\u00e9n\u00e9rales d'Utilisation (CGU)<\/a> .<\/li>\n\n\n\n<li><strong>Politique de confidentialit\u00e9<\/strong>: voir la page <a href=\"https:\/\/shop.osmiummusic.com\/fr\/privacy-policy\/\" data-type=\"page\" data-id=\"3\">Politique de confidentialit\u00e9<\/a> .<\/li>\n\n\n\n<li><strong>Conditions G\u00e9n\u00e9rales de Vente (CGV)<\/strong>: voir la page <a href=\"https:\/\/shop.osmiummusic.com\/fr\/terms-and-conditions-of-sale\/\" data-type=\"page\" data-id=\"11\">Conditions G\u00e9n\u00e9rales de Vente (CGV)<\/a> .<\/li>\n<\/ul>\n\n\n\n<p><\/p>","protected":false},"excerpt":{"rendered":"<p>Identity Website name: Osmium Music ShopWebsite address: https:\/\/shop.osmiummusic.com Owner: Osmium Music SARL,46 boulevard de Courtais, 03000 MOULINS (France) OSMIUM MUSICPrivate limited company (SARL) with a share capital of \u20ac1,000Company registration number (RCS): 980 862 155Registered at R.C.S. CussetVAT No.: FR06980862155Email: contact@osmiummusic.com Hosting This site is hosted by HOSTINGER, whose registered office is located at: HOSTINGER [&hellip;]<\/p>\n","protected":false},"author":1,"featured_media":0,"parent":0,"menu_order":0,"comment_status":"closed","ping_status":"closed","template":"","meta":{"_eb_attr":"","footnotes":"","css_class_manager_body_classes":"","css_class_manager_use_in_post_loop":false},"class_list":["post-226","page","type-page","status-publish","hentry"],"yoast_head":"<!-- This site is optimized with the Yoast SEO plugin v27.4 - https:\/\/yoast.com\/product\/yoast-seo-wordpress\/ -->\n<title>Legal Notice - Osmium music - modern editions<\/title>\n<meta name=\"robots\" content=\"index, follow, max-snippet:-1, max-image-preview:large, max-video-preview:-1\" \/>\n<link rel=\"canonical\" href=\"https:\/\/shop.osmiummusic.com\/fr\/legal-notice\/\" \/>\n<meta property=\"og:locale\" content=\"fr_FR\" \/>\n<meta property=\"og:type\" content=\"article\" \/>\n<meta property=\"og:title\" content=\"Legal Notice - Osmium music - modern editions\" \/>\n<meta property=\"og:description\" content=\"Identity Website name: Osmium Music ShopWebsite address: https:\/\/shop.osmiummusic.com Owner: Osmium Music SARL,46 boulevard de Courtais, 03000 MOULINS (France) OSMIUM MUSICPrivate limited company (SARL) with a share capital of \u20ac1,000Company registration number (RCS): 980 862 155Registered at R.C.S. CussetVAT No.: FR06980862155Email: contact@osmiummusic.com Hosting This site is hosted by HOSTINGER, whose registered office is located at: HOSTINGER [&hellip;]\" \/>\n<meta property=\"og:url\" content=\"https:\/\/shop.osmiummusic.com\/fr\/legal-notice\/\" \/>\n<meta property=\"og:site_name\" content=\"Osmium music - modern editions\" \/>\n<meta property=\"article:modified_time\" content=\"2025-08-23T09:12:56+00:00\" \/>\n<meta name=\"twitter:card\" content=\"summary_large_image\" \/>\n<meta name=\"twitter:label1\" content=\"Dur\u00e9e de lecture estim\u00e9e\" \/>\n\t<meta name=\"twitter:data1\" content=\"1 minute\" \/>\n<script type=\"application\/ld+json\" class=\"yoast-schema-graph\">{\"@context\":\"https:\\\/\\\/schema.org\",\"@graph\":[{\"@type\":\"WebPage\",\"@id\":\"https:\\\/\\\/shop.osmiummusic.com\\\/legal-notice\\\/\",\"url\":\"https:\\\/\\\/shop.osmiummusic.com\\\/legal-notice\\\/\",\"name\":\"Legal Notice - Osmium music - modern editions\",\"isPartOf\":{\"@id\":\"https:\\\/\\\/shop.osmiummusic.com\\\/#website\"},\"datePublished\":\"2025-08-21T16:45:52+00:00\",\"dateModified\":\"2025-08-23T09:12:56+00:00\",\"breadcrumb\":{\"@id\":\"https:\\\/\\\/shop.osmiummusic.com\\\/legal-notice\\\/#breadcrumb\"},\"inLanguage\":\"fr-FR\",\"potentialAction\":[{\"@type\":\"ReadAction\",\"target\":[\"https:\\\/\\\/shop.osmiummusic.com\\\/legal-notice\\\/\"]}]},{\"@type\":\"BreadcrumbList\",\"@id\":\"https:\\\/\\\/shop.osmiummusic.com\\\/legal-notice\\\/#breadcrumb\",\"itemListElement\":[{\"@type\":\"ListItem\",\"position\":1,\"name\":\"Home\",\"item\":\"https:\\\/\\\/shop.osmiummusic.com\\\/\"},{\"@type\":\"ListItem\",\"position\":2,\"name\":\"Legal Notice\"}]},{\"@type\":\"WebSite\",\"@id\":\"https:\\\/\\\/shop.osmiummusic.com\\\/#website\",\"url\":\"https:\\\/\\\/shop.osmiummusic.com\\\/\",\"name\":\"Osmium music - modern editions\",\"description\":\"tailored for today&#039;s musicians\",\"publisher\":{\"@id\":\"https:\\\/\\\/shop.osmiummusic.com\\\/#organization\"},\"potentialAction\":[{\"@type\":\"SearchAction\",\"target\":{\"@type\":\"EntryPoint\",\"urlTemplate\":\"https:\\\/\\\/shop.osmiummusic.com\\\/?s={search_term_string}\"},\"query-input\":{\"@type\":\"PropertyValueSpecification\",\"valueRequired\":true,\"valueName\":\"search_term_string\"}}],\"inLanguage\":\"fr-FR\"},{\"@type\":\"Organization\",\"@id\":\"https:\\\/\\\/shop.osmiummusic.com\\\/#organization\",\"name\":\"Osmium music\",\"url\":\"https:\\\/\\\/shop.osmiummusic.com\\\/\",\"logo\":{\"@type\":\"ImageObject\",\"inLanguage\":\"fr-FR\",\"@id\":\"https:\\\/\\\/shop.osmiummusic.com\\\/#\\\/schema\\\/logo\\\/image\\\/\",\"url\":\"https:\\\/\\\/s3.fr-par.scw.cloud\\\/osmium-music-pub\\\/publishing\\\/Logo_noText_BDO_Transparent.png\",\"contentUrl\":\"https:\\\/\\\/s3.fr-par.scw.cloud\\\/osmium-music-pub\\\/publishing\\\/Logo_noText_BDO_Transparent.png\",\"width\":1001,\"height\":1001,\"caption\":\"Osmium music\"},\"image\":{\"@id\":\"https:\\\/\\\/shop.osmiummusic.com\\\/#\\\/schema\\\/logo\\\/image\\\/\"},\"sameAs\":[\"https:\\\/\\\/www.instagram.com\\\/osmium.music\\\/\",\"https:\\\/\\\/fr.linkedin.com\\\/company\\\/osmium-music\"]}]}<\/script>\n<!-- \/ Yoast SEO plugin. -->","yoast_head_json":{"title":"Legal Notice - Osmium music - modern editions","robots":{"index":"index","follow":"follow","max-snippet":"max-snippet:-1","max-image-preview":"max-image-preview:large","max-video-preview":"max-video-preview:-1"},"canonical":"https:\/\/shop.osmiummusic.com\/fr\/legal-notice\/","og_locale":"fr_FR","og_type":"article","og_title":"Legal Notice - Osmium music - modern editions","og_description":"Identity Website name: Osmium Music ShopWebsite address: https:\/\/shop.osmiummusic.com Owner: Osmium Music SARL,46 boulevard de Courtais, 03000 MOULINS (France) OSMIUM MUSICPrivate limited company (SARL) with a share capital of \u20ac1,000Company registration number (RCS): 980 862 155Registered at R.C.S. CussetVAT No.: FR06980862155Email: contact@osmiummusic.com Hosting This site is hosted by HOSTINGER, whose registered office is located at: HOSTINGER [&hellip;]","og_url":"https:\/\/shop.osmiummusic.com\/fr\/legal-notice\/","og_site_name":"Osmium music - modern editions","article_modified_time":"2025-08-23T09:12:56+00:00","twitter_card":"summary_large_image","twitter_misc":{"Dur\u00e9e de lecture estim\u00e9e":"1 minute"},"schema":{"@context":"https:\/\/schema.org","@graph":[{"@type":"WebPage","@id":"https:\/\/shop.osmiummusic.com\/legal-notice\/","url":"https:\/\/shop.osmiummusic.com\/legal-notice\/","name":"Legal Notice - Osmium music - modern editions","isPartOf":{"@id":"https:\/\/shop.osmiummusic.com\/#website"},"datePublished":"2025-08-21T16:45:52+00:00","dateModified":"2025-08-23T09:12:56+00:00","breadcrumb":{"@id":"https:\/\/shop.osmiummusic.com\/legal-notice\/#breadcrumb"},"inLanguage":"fr-FR","potentialAction":[{"@type":"ReadAction","target":["https:\/\/shop.osmiummusic.com\/legal-notice\/"]}]},{"@type":"BreadcrumbList","@id":"https:\/\/shop.osmiummusic.com\/legal-notice\/#breadcrumb","itemListElement":[{"@type":"ListItem","position":1,"name":"Home","item":"https:\/\/shop.osmiummusic.com\/"},{"@type":"ListItem","position":2,"name":"Legal Notice"}]},{"@type":"WebSite","@id":"https:\/\/shop.osmiummusic.com\/#website","url":"https:\/\/shop.osmiummusic.com\/","name":"Osmium music - modern editions","description":"pour les musiciens d'aujourd'hui","publisher":{"@id":"https:\/\/shop.osmiummusic.com\/#organization"},"potentialAction":[{"@type":"SearchAction","target":{"@type":"EntryPoint","urlTemplate":"https:\/\/shop.osmiummusic.com\/?s={search_term_string}"},"query-input":{"@type":"PropertyValueSpecification","valueRequired":true,"valueName":"search_term_string"}}],"inLanguage":"fr-FR"},{"@type":"Organization","@id":"https:\/\/shop.osmiummusic.com\/#organization","name":"Osmium music","url":"https:\/\/shop.osmiummusic.com\/","logo":{"@type":"ImageObject","inLanguage":"fr-FR","@id":"https:\/\/shop.osmiummusic.com\/#\/schema\/logo\/image\/","url":"https:\/\/s3.fr-par.scw.cloud\/osmium-music-pub\/publishing\/Logo_noText_BDO_Transparent.png","contentUrl":"https:\/\/s3.fr-par.scw.cloud\/osmium-music-pub\/publishing\/Logo_noText_BDO_Transparent.png","width":1001,"height":1001,"caption":"Osmium music"},"image":{"@id":"https:\/\/shop.osmiummusic.com\/#\/schema\/logo\/image\/"},"sameAs":["https:\/\/www.instagram.com\/osmium.music\/","https:\/\/fr.linkedin.com\/company\/osmium-music"]}]}},"_links":{"self":[{"href":"https:\/\/shop.osmiummusic.com\/fr\/wp-json\/wp\/v2\/pages\/226","targetHints":{"allow":["GET"]}}],"collection":[{"href":"https:\/\/shop.osmiummusic.com\/fr\/wp-json\/wp\/v2\/pages"}],"about":[{"href":"https:\/\/shop.osmiummusic.com\/fr\/wp-json\/wp\/v2\/types\/page"}],"author":[{"embeddable":true,"href":"https:\/\/shop.osmiummusic.com\/fr\/wp-json\/wp\/v2\/users\/1"}],"replies":[{"embeddable":true,"href":"https:\/\/shop.osmiummusic.com\/fr\/wp-json\/wp\/v2\/comments?post=226"}],"version-history":[{"count":0,"href":"https:\/\/shop.osmiummusic.com\/fr\/wp-json\/wp\/v2\/pages\/226\/revisions"}],"wp:attachment":[{"href":"https:\/\/shop.osmiummusic.com\/fr\/wp-json\/wp\/v2\/media?parent=226"}],"curies":[{"name":"wp","href":"https:\/\/api.w.org\/{rel}","templated":true}]}}