{"id":1430,"date":"2025-09-26T16:46:12","date_gmt":"2025-09-26T14:46:12","guid":{"rendered":"https:\/\/shop.osmiummusic.com\/?page_id=1430"},"modified":"2025-09-26T17:59:04","modified_gmt":"2025-09-26T15:59:04","slug":"le-bateau-ivre","status":"publish","type":"page","link":"https:\/\/shop.osmiummusic.com\/fr\/our-partners\/le-bateau-ivre\/","title":{"rendered":"Le Bateau Ivre"},"content":{"rendered":"<div class=\"wp-block-group has-global-padding is-layout-constrained wp-block-group-is-layout-constrained\">\n<div class=\"wp-block-group has-global-padding is-layout-constrained wp-block-group-is-layout-constrained\">\n<div class=\"wp-block-media-text is-stacked-on-mobile\" style=\"grid-template-columns:31% auto\"><figure class=\"wp-block-media-text__media\"><a href=\"https:\/\/www.quintettelebateauivre.com\/\" target=\"_blank\" rel=\" noreferrer noopener\"><img decoding=\"async\" width=\"1024\" height=\"1017\" src=\"https:\/\/s3.fr-par.scw.cloud\/osmium-music-pub\/publishing\/Le-Bateau-Ivre.webp\" alt=\"\" class=\"wp-image-1433 size-full\" srcset=\"https:\/\/s3.fr-par.scw.cloud\/osmium-music-pub\/publishing\/Le-Bateau-Ivre.webp 1024w, https:\/\/s3.fr-par.scw.cloud\/osmium-music-pub\/publishing\/Le-Bateau-Ivre-600x596.webp 600w, https:\/\/s3.fr-par.scw.cloud\/osmium-music-pub\/publishing\/Le-Bateau-Ivre.webp 1600w\" sizes=\"(max-width: 1024px) 100vw, 1024px\" \/><\/a><\/figure><div class=\"wp-block-media-text__content\">\n<h2 class=\"wp-block-heading has-text-align-center\" style=\"margin-top:10px;margin-bottom:10px;font-size:clamp(1.092rem, 1.092rem + ((1vw - 0.2rem) * 1.105), 1.7rem);\"><a href=\"https:\/\/www.quintettelebateauivre.com\/\" data-type=\"link\" data-id=\"https:\/\/www.quintettelebateauivre.com\/\" target=\"_blank\" rel=\"noreferrer noopener\">Le Bateau Ivre<\/a><\/h2>\n\n\n\n<p class=\"has-text-align-center\" style=\"margin-top:5px;margin-bottom:5px\">Quintette instrumental<\/p>\n<\/div><\/div>\n\n\n\n<hr class=\"wp-block-separator has-alpha-channel-opacity\" style=\"margin-top:var(--wp--preset--spacing--40);margin-bottom:var(--wp--preset--spacing--40)\"\/>\n\n\n\n<p class=\"translation-block\"><strong>Le Bateau Ivre<\/strong> est un quintette instrumental qui associe la fl\u00fbte et la harpe au trio \u00e0 cordes. Ce m\u00e9lange de timbres conf\u00e8re \u00e0 l\u2019ensemble une grande richesse sonore et lui permet d\u2019obtenir des couleurs et des atmosph\u00e8res extr\u00eamement vari\u00e9es.\n<br>\nL\u2019aventure commence en septembre 2015 \u00e0 Strasbourg, \u00eele au c\u0153ur de l\u2019Europe, o\u00f9 se croisent les chemins de cinq jeunes musiciens. Ils se r\u00e9unissent autour d\u2019une \u0153uvre qui sera le noyau de leur formation, le quintette de Jean Cras.<\/p>\n\n\n\n<p class=\"translation-block\">L\u2019aventure se poursuit par del\u00e0 les fronti\u00e8res avec deux 3\u00e8me prix obtenus au concours Osaka IMC (Japon) en 2017 et au concours Virtuoso Bel Canto de Lucca (Italie) en 2018, ann\u00e9e o\u00f9 le quintette est admis \u00e0 l\u2019unanimit\u00e9 en master de musique de chambre au <strong>Conservatoire National Sup\u00e9rieur de Musique de Paris<\/strong> dans la classe de Michel Moragu\u00e8s. Ses musiciens re\u00e7oivent \u00e9galement les conseils et encouragements de Luc-Marie Aguera et Fabrice Pierre.<\/p>\n\n\n\n<p class=\"translation-block\">Au fil de ses voyages, le quintette <strong>Le Bateau Ivre<\/strong> a notamment \u00e9t\u00e9 invit\u00e9 \u00e0 se produire au <strong>Festival de Gargilesse<\/strong>, au <strong>Cap Ferret Music Open<\/strong>, au <strong>Festival Flam\u2019<\/strong>, au <strong>Kukje Art Hall de S\u00e9oul<\/strong> ainsi qu\u2019au <strong>Takatsuki Gendai Gekijo Grand Hall d\u2019Osaka<\/strong>.\n<br>\nEn 2019, <strong>Le Bateau Ivre<\/strong> int\u00e8gre le programme de musique de chambre europ\u00e9en <strong>ECMA<\/strong>. Laur\u00e9at de la <strong>Fondation Meyer<\/strong>, le quintette sort son premier disque, <em>Marionnettes<\/em>, en octobre 2022 sous le label <strong>Initiale<\/strong> du CNSMDP.\n<br>\nLe quintette <strong>Le Bateau Ivre<\/strong> re\u00e7oit le Second prix du <strong>Concours international de musique de chambre d\u2019Osaka<\/strong> en mai 2023.<\/p>\n\n\n\n<p class=\"translation-block\">Le nom du groupe fait r\u00e9f\u00e9rence au po\u00e8me \u00e9ponyme \u00e9crit par Arthur Rimbaud en 1871. Jeune po\u00e8te, Rimbaud bouleverse le paysage po\u00e9tique fran\u00e7ais avec une \u0153uvre radicale, \u00e9troitement li\u00e9e \u00e0 sa fulgurante trajectoire personnelle.<\/p>\n\n\n\n<p class=\"translation-block\">Avec le d\u00e9calage temporel propre \u00e0 son art, Claude Debussy d\u00e9finit 40 ans plus tard une nouvelle esth\u00e9tique de la musique de chambre fran\u00e7aise, notamment avec sa <em>Sonate en Trio pour fl\u00fbte, alto et harpe<\/em> de 1915.\nLes premiers interpr\u00e8tes de ce chef-d\u2019\u0153uvre imaginent alors une formation nouvelle associant la fl\u00fbte et la harpe au trio \u00e0 cordes. Le <strong>Quintette Instrumental de Paris<\/strong>, qui deviendra le <strong>Quintette Pierre Jamet<\/strong> du nom de son illustre harpiste, sera l\u2019ambassadeur de l\u2019esth\u00e9tique fran\u00e7aise \u00e0 l\u2019international pendant pr\u00e8s de quarante ann\u00e9es de tourn\u00e9es, et un acteur majeur de la cr\u00e9ation musicale \u00e0 travers ses nombreuses commandes et enregistrements.<\/p>\n\n\n\n<h4 class=\"wp-block-heading\">Les musiciens :<\/h4>\n\n\n\n<ul class=\"wp-block-list\">\n<li><strong>Samuel Casale <\/strong>- fl\u00fbte<\/li>\n\n\n\n<li><strong>S\u00e9r\u00e9na Manganas <\/strong>- violon<\/li>\n\n\n\n<li><strong>Valentin Chiapello <\/strong>- alto<\/li>\n\n\n\n<li><strong>Kevin Bourdat <\/strong>- violoncelle<\/li>\n\n\n\n<li><strong>Jean-Baptiste Haye <\/strong>- harpe<\/li>\n<\/ul>\n<\/div>\n\n\n\n<div class=\"wp-block-group has-global-padding is-layout-constrained wp-block-group-is-layout-constrained\">\n<div class=\"wp-block-columns are-vertically-aligned-center display-none-mob has-border-color has-contrast-border-color has-background is-layout-flex wp-container-core-columns-is-layout-3e8ddebc wp-block-columns-is-layout-flex\" style=\"border-width:1px;background-color:#d69aaf3d;padding-top:10px;padding-right:var(--wp--preset--spacing--60);padding-bottom:10px;padding-left:var(--wp--preset--spacing--60)\">\n<div class=\"wp-block-column is-vertically-aligned-center is-layout-flow wp-block-column-is-layout-flow\" style=\"flex-basis:45%\">\n<figure class=\"wp-block-image aligncenter size-full is-resized\"><img decoding=\"async\" width=\"1290\" height=\"1281\" src=\"https:\/\/s3.fr-par.scw.cloud\/osmium-music-pub\/publishing\/Le-Bateau-Ivre-edited-1.webp\" alt=\"\" class=\"wp-image-1437\" style=\"width:184px;height:auto\" srcset=\"https:\/\/s3.fr-par.scw.cloud\/osmium-music-pub\/publishing\/Le-Bateau-Ivre-edited-1-1024x1017.webp 1024w, https:\/\/s3.fr-par.scw.cloud\/osmium-music-pub\/publishing\/Le-Bateau-Ivre-edited-1-600x596.webp 600w, https:\/\/s3.fr-par.scw.cloud\/osmium-music-pub\/publishing\/Le-Bateau-Ivre-edited-1.webp 1290w\" sizes=\"(max-width: 1290px) 100vw, 1290px\" \/><\/figure>\n<\/div>\n\n\n\n<div class=\"wp-block-column is-vertically-aligned-center is-layout-flow wp-block-column-is-layout-flow\" style=\"flex-basis:10%\">\n<p class=\"has-text-align-center has-x-large-font-size\"><strong>X<\/strong><\/p>\n<\/div>\n\n\n\n<div class=\"wp-block-column is-vertically-aligned-center is-layout-flow wp-block-column-is-layout-flow\" style=\"flex-basis:45%\">\n<figure class=\"wp-block-image aligncenter size-full is-resized\"><img decoding=\"async\" width=\"220\" height=\"147\" src=\"https:\/\/s3.fr-par.scw.cloud\/osmium-music-pub\/publishing\/Logo_Text_BDO_Transparent-SMALL.png\" alt=\"\" class=\"wp-image-317\" style=\"width:177px;height:auto\"\/><\/figure>\n<\/div>\n<\/div>\n\n\n\n<div class=\"wp-block-group show-mob display-none has-border-color has-contrast-border-color has-background has-global-padding is-layout-constrained wp-container-core-group-is-layout-1ac73393 wp-block-group-is-layout-constrained\" style=\"border-width:1px;background-color:#d69aaf3d;padding-top:var(--wp--preset--spacing--40);padding-right:var(--wp--preset--spacing--60);padding-bottom:var(--wp--preset--spacing--40);padding-left:var(--wp--preset--spacing--60)\">\n<figure class=\"wp-block-image aligncenter size-full is-resized\"><img decoding=\"async\" width=\"1212\" height=\"1204\" src=\"https:\/\/s3.fr-par.scw.cloud\/osmium-music-pub\/publishing\/Le-Bateau-Ivre-edited-3.webp\" alt=\"\" class=\"wp-image-1439\" style=\"width:163px;height:auto\" srcset=\"https:\/\/s3.fr-par.scw.cloud\/osmium-music-pub\/publishing\/Le-Bateau-Ivre-edited-3-1024x1017.webp 1024w, https:\/\/s3.fr-par.scw.cloud\/osmium-music-pub\/publishing\/Le-Bateau-Ivre-edited-3-600x596.webp 600w, https:\/\/s3.fr-par.scw.cloud\/osmium-music-pub\/publishing\/Le-Bateau-Ivre-edited-3.webp 1212w\" sizes=\"(max-width: 1212px) 100vw, 1212px\" \/><\/figure>\n\n\n\n<figure class=\"wp-block-image aligncenter size-full is-resized\"><img decoding=\"async\" width=\"220\" height=\"147\" src=\"https:\/\/s3.fr-par.scw.cloud\/osmium-music-pub\/publishing\/Logo_Text_BDO_Transparent-SMALL.png\" alt=\"\" class=\"wp-image-317\" style=\"width:151px;height:auto\"\/><\/figure>\n<\/div>\n\n\n\n<h4 class=\"wp-block-heading has-x-large-font-size\" style=\"margin-top:10px;margin-bottom:10px\">Notre partenariat<\/h4>\n\n\n\n<p style=\"margin-top:5px\" class=\"translation-block\">Passionn\u00e9s par la d\u00e9couverte de p\u00e9pites du r\u00e9pertoire, les membres du quintette <strong>Le Bateau Ivre<\/strong> sillonnent depuis longtemps archives, biblioth\u00e8ques, \u00e0 la recherche de partitions pour leur ensemble.\nC'est lors d'une discussion que l'id\u00e9e est venue de diffuser plus largement ces trouvailles, en commen\u00e7ant par les \u0153uvres d'<strong>Yvonne Desportes<\/strong>, compositrice connue pour son travail p\u00e9dagogique mais assez peu pour ses compositions, faute d'\u00e9ditions.<\/p>\n\n\n\n<p>Nous sommes heureux de pouvoir donner acc\u00e8s \u00e0 ces \u0153uvres via cette collection.<\/p>\n<\/div>\n\n\n\n<div class=\"wp-block-buttons is-content-justification-center is-layout-flex wp-container-core-buttons-is-layout-a89b3969 wp-block-buttons-is-layout-flex\">\n<div class=\"wp-block-button\"><a class=\"wp-block-button__link has-tertiary-background-color has-background wp-element-button\" href=\"https:\/\/shop.osmiummusic.com\/fr\/brand\/le-bateau-ivre\/\" style=\"border-radius:5px;padding-top:var(--wp--preset--spacing--40);padding-right:var(--wp--preset--spacing--60);padding-bottom:var(--wp--preset--spacing--40);padding-left:var(--wp--preset--spacing--60)\">Parcourir la collection Le Bateau Ivre<\/a><\/div>\n<\/div>\n<\/div>","protected":false},"excerpt":{"rendered":"<p>Le Bateau Ivre Instrumental quintet Le Bateau Ivre is an instrumental quintet that pairs flute and harp with a string trio. This blend of timbres gives the ensemble a rich sonic palette and allows for an extremely wide range of colors and atmospheres.The adventure began in September 2015 in Strasbourg, an island at the heart [&hellip;]<\/p>\n","protected":false},"author":1,"featured_media":0,"parent":1193,"menu_order":0,"comment_status":"closed","ping_status":"closed","template":"wp-custom-template-pages-no-title","meta":{"_eb_attr":"","footnotes":"","css_class_manager_body_classes":"","css_class_manager_use_in_post_loop":false},"class_list":["post-1430","page","type-page","status-publish","hentry"],"yoast_head":"<!-- This site is optimized with the Yoast SEO plugin v27.4 - https:\/\/yoast.com\/product\/yoast-seo-wordpress\/ -->\n<title>Le Bateau Ivre - Osmium music - modern editions<\/title>\n<meta name=\"robots\" content=\"index, follow, max-snippet:-1, max-image-preview:large, max-video-preview:-1\" \/>\n<link rel=\"canonical\" href=\"https:\/\/shop.osmiummusic.com\/fr\/our-partners\/le-bateau-ivre\/\" \/>\n<meta property=\"og:locale\" content=\"fr_FR\" \/>\n<meta property=\"og:type\" content=\"article\" \/>\n<meta property=\"og:title\" content=\"Le Bateau Ivre - Osmium music - modern editions\" \/>\n<meta property=\"og:description\" content=\"Le Bateau Ivre Instrumental quintet Le Bateau Ivre is an instrumental quintet that pairs flute and harp with a string trio. This blend of timbres gives the ensemble a rich sonic palette and allows for an extremely wide range of colors and atmospheres.The adventure began in September 2015 in Strasbourg, an island at the heart [&hellip;]\" \/>\n<meta property=\"og:url\" content=\"https:\/\/shop.osmiummusic.com\/fr\/our-partners\/le-bateau-ivre\/\" \/>\n<meta property=\"og:site_name\" content=\"Osmium music - modern editions\" \/>\n<meta property=\"article:modified_time\" content=\"2025-09-26T15:59:04+00:00\" \/>\n<meta property=\"og:image\" content=\"https:\/\/s3.fr-par.scw.cloud\/osmium-music-pub\/publishing\/Le-Bateau-Ivre-1024x1017.webp\" \/>\n<meta name=\"twitter:card\" content=\"summary_large_image\" \/>\n<meta name=\"twitter:label1\" content=\"Dur\u00e9e de lecture estim\u00e9e\" \/>\n\t<meta name=\"twitter:data1\" content=\"1 minute\" \/>\n<script type=\"application\/ld+json\" class=\"yoast-schema-graph\">{\"@context\":\"https:\\\/\\\/schema.org\",\"@graph\":[{\"@type\":\"WebPage\",\"@id\":\"https:\\\/\\\/shop.osmiummusic.com\\\/our-partners\\\/le-bateau-ivre\\\/\",\"url\":\"https:\\\/\\\/shop.osmiummusic.com\\\/our-partners\\\/le-bateau-ivre\\\/\",\"name\":\"Le Bateau Ivre - Osmium music - modern editions\",\"isPartOf\":{\"@id\":\"https:\\\/\\\/shop.osmiummusic.com\\\/#website\"},\"primaryImageOfPage\":{\"@id\":\"https:\\\/\\\/shop.osmiummusic.com\\\/our-partners\\\/le-bateau-ivre\\\/#primaryimage\"},\"image\":{\"@id\":\"https:\\\/\\\/shop.osmiummusic.com\\\/our-partners\\\/le-bateau-ivre\\\/#primaryimage\"},\"thumbnailUrl\":\"https:\\\/\\\/s3.fr-par.scw.cloud\\\/osmium-music-pub\\\/publishing\\\/Le-Bateau-Ivre-1024x1017.webp\",\"datePublished\":\"2025-09-26T14:46:12+00:00\",\"dateModified\":\"2025-09-26T15:59:04+00:00\",\"breadcrumb\":{\"@id\":\"https:\\\/\\\/shop.osmiummusic.com\\\/our-partners\\\/le-bateau-ivre\\\/#breadcrumb\"},\"inLanguage\":\"fr-FR\",\"potentialAction\":[{\"@type\":\"ReadAction\",\"target\":[\"https:\\\/\\\/shop.osmiummusic.com\\\/our-partners\\\/le-bateau-ivre\\\/\"]}]},{\"@type\":\"ImageObject\",\"inLanguage\":\"fr-FR\",\"@id\":\"https:\\\/\\\/shop.osmiummusic.com\\\/our-partners\\\/le-bateau-ivre\\\/#primaryimage\",\"url\":\"https:\\\/\\\/s3.fr-par.scw.cloud\\\/osmium-music-pub\\\/publishing\\\/Le-Bateau-Ivre-1024x1017.webp\",\"contentUrl\":\"https:\\\/\\\/s3.fr-par.scw.cloud\\\/osmium-music-pub\\\/publishing\\\/Le-Bateau-Ivre-1024x1017.webp\"},{\"@type\":\"BreadcrumbList\",\"@id\":\"https:\\\/\\\/shop.osmiummusic.com\\\/our-partners\\\/le-bateau-ivre\\\/#breadcrumb\",\"itemListElement\":[{\"@type\":\"ListItem\",\"position\":1,\"name\":\"Home\",\"item\":\"https:\\\/\\\/shop.osmiummusic.com\\\/\"},{\"@type\":\"ListItem\",\"position\":2,\"name\":\"Our partners\",\"item\":\"https:\\\/\\\/shop.osmiummusic.com\\\/our-partners\\\/\"},{\"@type\":\"ListItem\",\"position\":3,\"name\":\"Le Bateau Ivre\"}]},{\"@type\":\"WebSite\",\"@id\":\"https:\\\/\\\/shop.osmiummusic.com\\\/#website\",\"url\":\"https:\\\/\\\/shop.osmiummusic.com\\\/\",\"name\":\"Osmium music - modern editions\",\"description\":\"tailored for today&#039;s musicians\",\"publisher\":{\"@id\":\"https:\\\/\\\/shop.osmiummusic.com\\\/#organization\"},\"potentialAction\":[{\"@type\":\"SearchAction\",\"target\":{\"@type\":\"EntryPoint\",\"urlTemplate\":\"https:\\\/\\\/shop.osmiummusic.com\\\/?s={search_term_string}\"},\"query-input\":{\"@type\":\"PropertyValueSpecification\",\"valueRequired\":true,\"valueName\":\"search_term_string\"}}],\"inLanguage\":\"fr-FR\"},{\"@type\":\"Organization\",\"@id\":\"https:\\\/\\\/shop.osmiummusic.com\\\/#organization\",\"name\":\"Osmium music\",\"url\":\"https:\\\/\\\/shop.osmiummusic.com\\\/\",\"logo\":{\"@type\":\"ImageObject\",\"inLanguage\":\"fr-FR\",\"@id\":\"https:\\\/\\\/shop.osmiummusic.com\\\/#\\\/schema\\\/logo\\\/image\\\/\",\"url\":\"https:\\\/\\\/s3.fr-par.scw.cloud\\\/osmium-music-pub\\\/publishing\\\/Logo_noText_BDO_Transparent.png\",\"contentUrl\":\"https:\\\/\\\/s3.fr-par.scw.cloud\\\/osmium-music-pub\\\/publishing\\\/Logo_noText_BDO_Transparent.png\",\"width\":1001,\"height\":1001,\"caption\":\"Osmium music\"},\"image\":{\"@id\":\"https:\\\/\\\/shop.osmiummusic.com\\\/#\\\/schema\\\/logo\\\/image\\\/\"},\"sameAs\":[\"https:\\\/\\\/www.instagram.com\\\/osmium.music\\\/\",\"https:\\\/\\\/fr.linkedin.com\\\/company\\\/osmium-music\"]}]}<\/script>\n<!-- \/ Yoast SEO plugin. -->","yoast_head_json":{"title":"Le Bateau Ivre - Osmium music - modern editions","robots":{"index":"index","follow":"follow","max-snippet":"max-snippet:-1","max-image-preview":"max-image-preview:large","max-video-preview":"max-video-preview:-1"},"canonical":"https:\/\/shop.osmiummusic.com\/fr\/our-partners\/le-bateau-ivre\/","og_locale":"fr_FR","og_type":"article","og_title":"Le Bateau Ivre - Osmium music - modern editions","og_description":"Le Bateau Ivre Instrumental quintet Le Bateau Ivre is an instrumental quintet that pairs flute and harp with a string trio. This blend of timbres gives the ensemble a rich sonic palette and allows for an extremely wide range of colors and atmospheres.The adventure began in September 2015 in Strasbourg, an island at the heart [&hellip;]","og_url":"https:\/\/shop.osmiummusic.com\/fr\/our-partners\/le-bateau-ivre\/","og_site_name":"Osmium music - modern editions","article_modified_time":"2025-09-26T15:59:04+00:00","og_image":[{"url":"https:\/\/s3.fr-par.scw.cloud\/osmium-music-pub\/publishing\/Le-Bateau-Ivre-1024x1017.webp","type":"","width":"","height":""}],"twitter_card":"summary_large_image","twitter_misc":{"Dur\u00e9e de lecture estim\u00e9e":"1 minute"},"schema":{"@context":"https:\/\/schema.org","@graph":[{"@type":"WebPage","@id":"https:\/\/shop.osmiummusic.com\/our-partners\/le-bateau-ivre\/","url":"https:\/\/shop.osmiummusic.com\/our-partners\/le-bateau-ivre\/","name":"Le Bateau Ivre - Osmium music - modern editions","isPartOf":{"@id":"https:\/\/shop.osmiummusic.com\/#website"},"primaryImageOfPage":{"@id":"https:\/\/shop.osmiummusic.com\/our-partners\/le-bateau-ivre\/#primaryimage"},"image":{"@id":"https:\/\/shop.osmiummusic.com\/our-partners\/le-bateau-ivre\/#primaryimage"},"thumbnailUrl":"https:\/\/s3.fr-par.scw.cloud\/osmium-music-pub\/publishing\/Le-Bateau-Ivre-1024x1017.webp","datePublished":"2025-09-26T14:46:12+00:00","dateModified":"2025-09-26T15:59:04+00:00","breadcrumb":{"@id":"https:\/\/shop.osmiummusic.com\/our-partners\/le-bateau-ivre\/#breadcrumb"},"inLanguage":"fr-FR","potentialAction":[{"@type":"ReadAction","target":["https:\/\/shop.osmiummusic.com\/our-partners\/le-bateau-ivre\/"]}]},{"@type":"ImageObject","inLanguage":"fr-FR","@id":"https:\/\/shop.osmiummusic.com\/our-partners\/le-bateau-ivre\/#primaryimage","url":"https:\/\/s3.fr-par.scw.cloud\/osmium-music-pub\/publishing\/Le-Bateau-Ivre-1024x1017.webp","contentUrl":"https:\/\/s3.fr-par.scw.cloud\/osmium-music-pub\/publishing\/Le-Bateau-Ivre-1024x1017.webp"},{"@type":"BreadcrumbList","@id":"https:\/\/shop.osmiummusic.com\/our-partners\/le-bateau-ivre\/#breadcrumb","itemListElement":[{"@type":"ListItem","position":1,"name":"Home","item":"https:\/\/shop.osmiummusic.com\/"},{"@type":"ListItem","position":2,"name":"Our partners","item":"https:\/\/shop.osmiummusic.com\/our-partners\/"},{"@type":"ListItem","position":3,"name":"Le Bateau Ivre"}]},{"@type":"WebSite","@id":"https:\/\/shop.osmiummusic.com\/#website","url":"https:\/\/shop.osmiummusic.com\/","name":"Osmium music - modern editions","description":"pour les musiciens d'aujourd'hui","publisher":{"@id":"https:\/\/shop.osmiummusic.com\/#organization"},"potentialAction":[{"@type":"SearchAction","target":{"@type":"EntryPoint","urlTemplate":"https:\/\/shop.osmiummusic.com\/?s={search_term_string}"},"query-input":{"@type":"PropertyValueSpecification","valueRequired":true,"valueName":"search_term_string"}}],"inLanguage":"fr-FR"},{"@type":"Organization","@id":"https:\/\/shop.osmiummusic.com\/#organization","name":"Osmium music","url":"https:\/\/shop.osmiummusic.com\/","logo":{"@type":"ImageObject","inLanguage":"fr-FR","@id":"https:\/\/shop.osmiummusic.com\/#\/schema\/logo\/image\/","url":"https:\/\/s3.fr-par.scw.cloud\/osmium-music-pub\/publishing\/Logo_noText_BDO_Transparent.png","contentUrl":"https:\/\/s3.fr-par.scw.cloud\/osmium-music-pub\/publishing\/Logo_noText_BDO_Transparent.png","width":1001,"height":1001,"caption":"Osmium music"},"image":{"@id":"https:\/\/shop.osmiummusic.com\/#\/schema\/logo\/image\/"},"sameAs":["https:\/\/www.instagram.com\/osmium.music\/","https:\/\/fr.linkedin.com\/company\/osmium-music"]}]}},"_links":{"self":[{"href":"https:\/\/shop.osmiummusic.com\/fr\/wp-json\/wp\/v2\/pages\/1430","targetHints":{"allow":["GET"]}}],"collection":[{"href":"https:\/\/shop.osmiummusic.com\/fr\/wp-json\/wp\/v2\/pages"}],"about":[{"href":"https:\/\/shop.osmiummusic.com\/fr\/wp-json\/wp\/v2\/types\/page"}],"author":[{"embeddable":true,"href":"https:\/\/shop.osmiummusic.com\/fr\/wp-json\/wp\/v2\/users\/1"}],"replies":[{"embeddable":true,"href":"https:\/\/shop.osmiummusic.com\/fr\/wp-json\/wp\/v2\/comments?post=1430"}],"version-history":[{"count":7,"href":"https:\/\/shop.osmiummusic.com\/fr\/wp-json\/wp\/v2\/pages\/1430\/revisions"}],"predecessor-version":[{"id":1445,"href":"https:\/\/shop.osmiummusic.com\/fr\/wp-json\/wp\/v2\/pages\/1430\/revisions\/1445"}],"up":[{"embeddable":true,"href":"https:\/\/shop.osmiummusic.com\/fr\/wp-json\/wp\/v2\/pages\/1193"}],"wp:attachment":[{"href":"https:\/\/shop.osmiummusic.com\/fr\/wp-json\/wp\/v2\/media?parent=1430"}],"curies":[{"name":"wp","href":"https:\/\/api.w.org\/{rel}","templated":true}]}}