{"id":1406,"date":"2025-09-26T15:52:00","date_gmt":"2025-09-26T13:52:00","guid":{"rendered":"https:\/\/shop.osmiummusic.com\/?page_id=1406"},"modified":"2025-09-26T15:59:47","modified_gmt":"2025-09-26T13:59:47","slug":"divertimento","status":"publish","type":"page","link":"https:\/\/shop.osmiummusic.com\/fr\/our-partners\/divertimento\/","title":{"rendered":"Divertimento"},"content":{"rendered":"<div class=\"wp-block-group has-global-padding is-layout-constrained wp-block-group-is-layout-constrained\">\n<div class=\"wp-block-group has-global-padding is-layout-constrained wp-block-group-is-layout-constrained\">\n<div class=\"wp-block-media-text is-stacked-on-mobile\" style=\"grid-template-columns:31% auto\"><figure class=\"wp-block-media-text__media\"><a href=\"https:\/\/www.orchestre-divertimento.com\/\" target=\"_blank\" rel=\" noreferrer noopener\"><img decoding=\"async\" width=\"2560\" height=\"1109\" src=\"https:\/\/s3.fr-par.scw.cloud\/osmium-music-pub\/publishing\/LOGO-NOIR-2-LIGNES.png\" alt=\"\" class=\"wp-image-1364 size-full\" srcset=\"https:\/\/s3.fr-par.scw.cloud\/osmium-music-pub\/publishing\/LOGO-NOIR-2-LIGNES-1024x444.png 1024w, https:\/\/s3.fr-par.scw.cloud\/osmium-music-pub\/publishing\/LOGO-NOIR-2-LIGNES-18x8.png 18w, https:\/\/s3.fr-par.scw.cloud\/osmium-music-pub\/publishing\/LOGO-NOIR-2-LIGNES-600x260.png 600w, https:\/\/s3.fr-par.scw.cloud\/osmium-music-pub\/publishing\/LOGO-NOIR-2-LIGNES-64x28.png 64w, https:\/\/s3.fr-par.scw.cloud\/osmium-music-pub\/publishing\/LOGO-NOIR-2-LIGNES.png 2560w\" sizes=\"(max-width: 2560px) 100vw, 2560px\" \/><\/a><\/figure><div class=\"wp-block-media-text__content\">\n<h2 class=\"wp-block-heading has-text-align-center\" style=\"margin-top:10px;margin-bottom:10px;font-size:clamp(1.092rem, 1.092rem + ((1vw - 0.2rem) * 1.105), 1.7rem);\"><a href=\"https:\/\/www.orchestre-divertimento.com\/\" target=\"_blank\" rel=\"noreferrer noopener\">Divertimento<\/a><\/h2>\n\n\n\n<p class=\"has-text-align-center\" style=\"margin-top:5px;margin-bottom:5px\"><strong>Zahia Ziouani<\/strong> - directrice artistique et musicale<\/p>\n<\/div><\/div>\n\n\n\n<hr class=\"wp-block-separator has-alpha-channel-opacity\" style=\"margin-top:var(--wp--preset--spacing--50);margin-bottom:var(--wp--preset--spacing--50)\"\/>\n\n\n\n<p class=\"translation-block\"><strong>Divertimento<\/strong> aime \u00e0 proposer une programmation qui met en regard les grandes \u0153uvres du r\u00e9pertoire avec des th\u00e9matiques inspirantes, des rencontres entre les cultures ou d\u2019autres formes d\u2019expressions artistiques. Cette ouverture permet de rassembler diff\u00e9rents publics et de faire d\u00e9couvrir \u00e0 chacun la force \u00e9motionnelle de l\u2019orchestre symphonique. Derri\u00e8re ce projet unique, il y a toute l\u2019\u00e9nergie et la conviction d\u2019un orchestre engag\u00e9 et de sa cheffe d\u2019orchestre : <strong>Zahia Ziouani<\/strong>.<\/p>\n\n\n\n<p class=\"translation-block\">Cr\u00e9\u00e9 en 1998, <strong>Divertimento<\/strong> est aujourd\u2019hui un orchestre symphonique de premier plan et un mod\u00e8le unique en France. Divertimento est n\u00e9 d\u2019une rencontre qui d\u00e9joue tous les pr\u00e9jug\u00e9s : celle de la musique classique, jug\u00e9e bien vite \u00e9litiste, avec le public de la Seine-Saint-Denis, trop souvent laiss\u00e9 en marge.<\/p>\n\n\n\n<p class=\"translation-block\">Ce dialogue avec le territoire se traduit par un engagement artistique, p\u00e9dagogique et social sans cesse r\u00e9invent\u00e9. Aujourd\u2019hui, le rayonnement de <strong>Divertimento<\/strong> d\u00e9passe largement son territoire d\u2019origine : les musiciens sont invit\u00e9s dans toute la France. On a pu les applaudir \u00e0 la <strong>Philharmonie de Paris<\/strong>, au <strong>Th\u00e9\u00e2tre du Rond-Point<\/strong>, au <strong>Festival Berlioz<\/strong>, etc.<\/p>\n\n\n\n<p class=\"translation-block\">Ce parcours prestigieux se double d\u2019actions dans les r\u00e9gions pour aller \u00e0 la rencontre des publics laiss\u00e9s \u00e0 l\u2019\u00e9cart de la musique symphonique, aussi bien en ville que dans le milieu rural. Parce que l\u2019action de l\u2019orchestre s\u2019inscrit dans la dur\u00e9e, Divertimento s\u2019engage aupr\u00e8s des jeunes musiciens \u00e0 travers l\u2019<strong>Acad\u00e9mie Divertimento<\/strong>.<\/p>\n<\/div>\n\n\n\n<div class=\"wp-block-group has-global-padding is-layout-constrained wp-block-group-is-layout-constrained\">\n<div class=\"wp-block-columns are-vertically-aligned-center display-none-mob has-border-color has-contrast-border-color has-background is-layout-flex wp-container-core-columns-is-layout-3e8ddebc wp-block-columns-is-layout-flex\" style=\"border-width:1px;background-color:#d69aaf3d;padding-top:10px;padding-right:var(--wp--preset--spacing--60);padding-bottom:10px;padding-left:var(--wp--preset--spacing--60)\">\n<div class=\"wp-block-column is-vertically-aligned-center is-layout-flow wp-block-column-is-layout-flow\" style=\"flex-basis:45%\">\n<figure class=\"wp-block-image size-large\"><img decoding=\"async\" width=\"1024\" height=\"195\" src=\"https:\/\/s3.fr-par.scw.cloud\/osmium-music-pub\/publishing\/LOGO-NOIR-HORIZONTAL-1024x195.png\" alt=\"\" class=\"wp-image-1366\" srcset=\"https:\/\/s3.fr-par.scw.cloud\/osmium-music-pub\/publishing\/LOGO-NOIR-HORIZONTAL-1024x195.png 1024w, https:\/\/s3.fr-par.scw.cloud\/osmium-music-pub\/publishing\/LOGO-NOIR-HORIZONTAL-18x3.png 18w, https:\/\/s3.fr-par.scw.cloud\/osmium-music-pub\/publishing\/LOGO-NOIR-HORIZONTAL-600x114.png 600w, https:\/\/s3.fr-par.scw.cloud\/osmium-music-pub\/publishing\/LOGO-NOIR-HORIZONTAL-64x12.png 64w\" sizes=\"(max-width: 1024px) 100vw, 1024px\" \/><\/figure>\n<\/div>\n\n\n\n<div class=\"wp-block-column is-vertically-aligned-center is-layout-flow wp-block-column-is-layout-flow\" style=\"flex-basis:10%\">\n<p class=\"has-text-align-center has-x-large-font-size\"><strong>X<\/strong><\/p>\n<\/div>\n\n\n\n<div class=\"wp-block-column is-vertically-aligned-center is-layout-flow wp-block-column-is-layout-flow\" style=\"flex-basis:45%\">\n<figure class=\"wp-block-image aligncenter size-full is-resized\"><img decoding=\"async\" width=\"220\" height=\"147\" src=\"https:\/\/s3.fr-par.scw.cloud\/osmium-music-pub\/publishing\/Logo_Text_BDO_Transparent-SMALL.png\" alt=\"\" class=\"wp-image-317\" style=\"width:202px;height:auto\"\/><\/figure>\n<\/div>\n<\/div>\n\n\n\n<div class=\"wp-block-group show-mob display-none has-border-color has-contrast-border-color has-background has-global-padding is-layout-constrained wp-container-core-group-is-layout-1ac73393 wp-block-group-is-layout-constrained\" style=\"border-width:1px;background-color:#d69aaf3d;padding-top:var(--wp--preset--spacing--40);padding-right:var(--wp--preset--spacing--60);padding-bottom:var(--wp--preset--spacing--40);padding-left:var(--wp--preset--spacing--60)\">\n<figure class=\"wp-block-image aligncenter size-large is-resized\"><img decoding=\"async\" width=\"1024\" height=\"195\" src=\"https:\/\/s3.fr-par.scw.cloud\/osmium-music-pub\/publishing\/LOGO-NOIR-HORIZONTAL-1024x195.png\" alt=\"\" class=\"wp-image-1366\" style=\"width:282px;height:auto\" srcset=\"https:\/\/s3.fr-par.scw.cloud\/osmium-music-pub\/publishing\/LOGO-NOIR-HORIZONTAL-1024x195.png 1024w, https:\/\/s3.fr-par.scw.cloud\/osmium-music-pub\/publishing\/LOGO-NOIR-HORIZONTAL-18x3.png 18w, https:\/\/s3.fr-par.scw.cloud\/osmium-music-pub\/publishing\/LOGO-NOIR-HORIZONTAL-600x114.png 600w, https:\/\/s3.fr-par.scw.cloud\/osmium-music-pub\/publishing\/LOGO-NOIR-HORIZONTAL-64x12.png 64w\" sizes=\"(max-width: 1024px) 100vw, 1024px\" \/><\/figure>\n\n\n\n<figure class=\"wp-block-image aligncenter size-full is-resized\"><img decoding=\"async\" width=\"220\" height=\"147\" src=\"https:\/\/s3.fr-par.scw.cloud\/osmium-music-pub\/publishing\/Logo_Text_BDO_Transparent-SMALL.png\" alt=\"\" class=\"wp-image-317\" style=\"width:151px;height:auto\"\/><\/figure>\n<\/div>\n\n\n\n<h4 class=\"wp-block-heading has-x-large-font-size\" style=\"margin-top:10px;margin-bottom:10px\">Notre partenariat<\/h4>\n\n\n\n<p style=\"margin-top:5px\" class=\"translation-block\">Nous collaborons depuis de nombreuses ann\u00e9es avec l\u2019orchestre <strong>Divertimento<\/strong> et sa fondatrice et directrice artistique, <strong>Zahia Ziouani<\/strong>. Ce partenariat a permis la cr\u00e9ation de nombreuses \u0153uvres, arrangements et orchestrations, ainsi que des gravures modernes de pi\u00e8ces rares, dont la majorit\u00e9 sont disponibles dans le catalogue de notre boutique.<\/p>\n\n\n\n<p class=\"translation-block\">L\u2019orchestre <strong>Divertimento<\/strong> est l\u2019un de nos principaux partenaires et un acteur cl\u00e9 dans la d\u00e9couverte de nouveaux r\u00e9pertoires et la transmission du savoir-faire orchestral aux jeunes g\u00e9n\u00e9rations de musiciens.<\/p>\n<\/div>\n\n\n\n<div class=\"wp-block-buttons is-content-justification-center is-layout-flex wp-container-core-buttons-is-layout-a89b3969 wp-block-buttons-is-layout-flex\">\n<div class=\"wp-block-button\"><a class=\"wp-block-button__link has-tertiary-background-color has-background wp-element-button\" href=\"https:\/\/shop.osmiummusic.com\/fr\/brand\/divertimento\/\" style=\"border-radius:5px;padding-top:var(--wp--preset--spacing--40);padding-right:var(--wp--preset--spacing--60);padding-bottom:var(--wp--preset--spacing--40);padding-left:var(--wp--preset--spacing--60)\">Parcourir la collection Divertimento...<\/a><\/div>\n<\/div>\n<\/div>","protected":false},"excerpt":{"rendered":"<p>Divertimento Zahia Ziouani &#8211; musical &amp; artistic director Divertimento enjoys presenting programs that juxtapose the great works of the classical repertoire with inspiring themes, cross-cultural encounters, and other forms of artistic expression. This openness brings together diverse audiences and reveals to each the emotional power of the symphonic orchestra. Behind this unique project lies the [&hellip;]<\/p>\n","protected":false},"author":1,"featured_media":0,"parent":1193,"menu_order":0,"comment_status":"closed","ping_status":"closed","template":"wp-custom-template-pages-no-title","meta":{"_eb_attr":"","footnotes":"","css_class_manager_body_classes":"","css_class_manager_use_in_post_loop":false},"class_list":["post-1406","page","type-page","status-publish","hentry"],"yoast_head":"<!-- This site is optimized with the Yoast SEO plugin v27.4 - https:\/\/yoast.com\/product\/yoast-seo-wordpress\/ -->\n<title>Divertimento - Osmium music - modern editions<\/title>\n<meta name=\"robots\" content=\"index, follow, max-snippet:-1, max-image-preview:large, max-video-preview:-1\" \/>\n<link rel=\"canonical\" href=\"https:\/\/shop.osmiummusic.com\/fr\/our-partners\/divertimento\/\" \/>\n<meta property=\"og:locale\" content=\"fr_FR\" \/>\n<meta property=\"og:type\" content=\"article\" \/>\n<meta property=\"og:title\" content=\"Divertimento - Osmium music - modern editions\" \/>\n<meta property=\"og:description\" content=\"Divertimento Zahia Ziouani &#8211; musical &amp; artistic director Divertimento enjoys presenting programs that juxtapose the great works of the classical repertoire with inspiring themes, cross-cultural encounters, and other forms of artistic expression. This openness brings together diverse audiences and reveals to each the emotional power of the symphonic orchestra. Behind this unique project lies the [&hellip;]\" \/>\n<meta property=\"og:url\" content=\"https:\/\/shop.osmiummusic.com\/fr\/our-partners\/divertimento\/\" \/>\n<meta property=\"og:site_name\" content=\"Osmium music - modern editions\" \/>\n<meta property=\"article:modified_time\" content=\"2025-09-26T13:59:47+00:00\" \/>\n<meta property=\"og:image\" content=\"https:\/\/s3.fr-par.scw.cloud\/osmium-music-pub\/publishing\/LOGO-NOIR-2-LIGNES.png\" \/>\n\t<meta property=\"og:image:width\" content=\"2560\" \/>\n\t<meta property=\"og:image:height\" content=\"1109\" \/>\n\t<meta property=\"og:image:type\" content=\"image\/png\" \/>\n<meta name=\"twitter:card\" content=\"summary_large_image\" \/>\n<meta name=\"twitter:label1\" content=\"Dur\u00e9e de lecture estim\u00e9e\" \/>\n\t<meta name=\"twitter:data1\" content=\"1 minute\" \/>\n<script type=\"application\/ld+json\" class=\"yoast-schema-graph\">{\"@context\":\"https:\\\/\\\/schema.org\",\"@graph\":[{\"@type\":\"WebPage\",\"@id\":\"https:\\\/\\\/shop.osmiummusic.com\\\/our-partners\\\/divertimento\\\/\",\"url\":\"https:\\\/\\\/shop.osmiummusic.com\\\/our-partners\\\/divertimento\\\/\",\"name\":\"Divertimento - Osmium music - modern editions\",\"isPartOf\":{\"@id\":\"https:\\\/\\\/shop.osmiummusic.com\\\/#website\"},\"primaryImageOfPage\":{\"@id\":\"https:\\\/\\\/shop.osmiummusic.com\\\/our-partners\\\/divertimento\\\/#primaryimage\"},\"image\":{\"@id\":\"https:\\\/\\\/shop.osmiummusic.com\\\/our-partners\\\/divertimento\\\/#primaryimage\"},\"thumbnailUrl\":\"https:\\\/\\\/s3.fr-par.scw.cloud\\\/osmium-music-pub\\\/publishing\\\/LOGO-NOIR-2-LIGNES.png\",\"datePublished\":\"2025-09-26T13:52:00+00:00\",\"dateModified\":\"2025-09-26T13:59:47+00:00\",\"breadcrumb\":{\"@id\":\"https:\\\/\\\/shop.osmiummusic.com\\\/our-partners\\\/divertimento\\\/#breadcrumb\"},\"inLanguage\":\"fr-FR\",\"potentialAction\":[{\"@type\":\"ReadAction\",\"target\":[\"https:\\\/\\\/shop.osmiummusic.com\\\/our-partners\\\/divertimento\\\/\"]}]},{\"@type\":\"ImageObject\",\"inLanguage\":\"fr-FR\",\"@id\":\"https:\\\/\\\/shop.osmiummusic.com\\\/our-partners\\\/divertimento\\\/#primaryimage\",\"url\":\"https:\\\/\\\/s3.fr-par.scw.cloud\\\/osmium-music-pub\\\/publishing\\\/LOGO-NOIR-2-LIGNES.png\",\"contentUrl\":\"https:\\\/\\\/s3.fr-par.scw.cloud\\\/osmium-music-pub\\\/publishing\\\/LOGO-NOIR-2-LIGNES.png\"},{\"@type\":\"BreadcrumbList\",\"@id\":\"https:\\\/\\\/shop.osmiummusic.com\\\/our-partners\\\/divertimento\\\/#breadcrumb\",\"itemListElement\":[{\"@type\":\"ListItem\",\"position\":1,\"name\":\"Home\",\"item\":\"https:\\\/\\\/shop.osmiummusic.com\\\/\"},{\"@type\":\"ListItem\",\"position\":2,\"name\":\"Our partners\",\"item\":\"https:\\\/\\\/shop.osmiummusic.com\\\/our-partners\\\/\"},{\"@type\":\"ListItem\",\"position\":3,\"name\":\"Divertimento\"}]},{\"@type\":\"WebSite\",\"@id\":\"https:\\\/\\\/shop.osmiummusic.com\\\/#website\",\"url\":\"https:\\\/\\\/shop.osmiummusic.com\\\/\",\"name\":\"Osmium music - modern editions\",\"description\":\"tailored for today&#039;s musicians\",\"publisher\":{\"@id\":\"https:\\\/\\\/shop.osmiummusic.com\\\/#organization\"},\"potentialAction\":[{\"@type\":\"SearchAction\",\"target\":{\"@type\":\"EntryPoint\",\"urlTemplate\":\"https:\\\/\\\/shop.osmiummusic.com\\\/?s={search_term_string}\"},\"query-input\":{\"@type\":\"PropertyValueSpecification\",\"valueRequired\":true,\"valueName\":\"search_term_string\"}}],\"inLanguage\":\"fr-FR\"},{\"@type\":\"Organization\",\"@id\":\"https:\\\/\\\/shop.osmiummusic.com\\\/#organization\",\"name\":\"Osmium music\",\"url\":\"https:\\\/\\\/shop.osmiummusic.com\\\/\",\"logo\":{\"@type\":\"ImageObject\",\"inLanguage\":\"fr-FR\",\"@id\":\"https:\\\/\\\/shop.osmiummusic.com\\\/#\\\/schema\\\/logo\\\/image\\\/\",\"url\":\"https:\\\/\\\/s3.fr-par.scw.cloud\\\/osmium-music-pub\\\/publishing\\\/Logo_noText_BDO_Transparent.png\",\"contentUrl\":\"https:\\\/\\\/s3.fr-par.scw.cloud\\\/osmium-music-pub\\\/publishing\\\/Logo_noText_BDO_Transparent.png\",\"width\":1001,\"height\":1001,\"caption\":\"Osmium music\"},\"image\":{\"@id\":\"https:\\\/\\\/shop.osmiummusic.com\\\/#\\\/schema\\\/logo\\\/image\\\/\"},\"sameAs\":[\"https:\\\/\\\/www.instagram.com\\\/osmium.music\\\/\",\"https:\\\/\\\/fr.linkedin.com\\\/company\\\/osmium-music\"]}]}<\/script>\n<!-- \/ Yoast SEO plugin. -->","yoast_head_json":{"title":"Divertimento - Osmium music - modern editions","robots":{"index":"index","follow":"follow","max-snippet":"max-snippet:-1","max-image-preview":"max-image-preview:large","max-video-preview":"max-video-preview:-1"},"canonical":"https:\/\/shop.osmiummusic.com\/fr\/our-partners\/divertimento\/","og_locale":"fr_FR","og_type":"article","og_title":"Divertimento - Osmium music - modern editions","og_description":"Divertimento Zahia Ziouani &#8211; musical &amp; artistic director Divertimento enjoys presenting programs that juxtapose the great works of the classical repertoire with inspiring themes, cross-cultural encounters, and other forms of artistic expression. This openness brings together diverse audiences and reveals to each the emotional power of the symphonic orchestra. Behind this unique project lies the [&hellip;]","og_url":"https:\/\/shop.osmiummusic.com\/fr\/our-partners\/divertimento\/","og_site_name":"Osmium music - modern editions","article_modified_time":"2025-09-26T13:59:47+00:00","og_image":[{"width":2560,"height":1109,"url":"https:\/\/s3.fr-par.scw.cloud\/osmium-music-pub\/publishing\/LOGO-NOIR-2-LIGNES.png","type":"image\/png"}],"twitter_card":"summary_large_image","twitter_misc":{"Dur\u00e9e de lecture estim\u00e9e":"1 minute"},"schema":{"@context":"https:\/\/schema.org","@graph":[{"@type":"WebPage","@id":"https:\/\/shop.osmiummusic.com\/our-partners\/divertimento\/","url":"https:\/\/shop.osmiummusic.com\/our-partners\/divertimento\/","name":"Divertimento - Osmium music - modern editions","isPartOf":{"@id":"https:\/\/shop.osmiummusic.com\/#website"},"primaryImageOfPage":{"@id":"https:\/\/shop.osmiummusic.com\/our-partners\/divertimento\/#primaryimage"},"image":{"@id":"https:\/\/shop.osmiummusic.com\/our-partners\/divertimento\/#primaryimage"},"thumbnailUrl":"https:\/\/s3.fr-par.scw.cloud\/osmium-music-pub\/publishing\/LOGO-NOIR-2-LIGNES.png","datePublished":"2025-09-26T13:52:00+00:00","dateModified":"2025-09-26T13:59:47+00:00","breadcrumb":{"@id":"https:\/\/shop.osmiummusic.com\/our-partners\/divertimento\/#breadcrumb"},"inLanguage":"fr-FR","potentialAction":[{"@type":"ReadAction","target":["https:\/\/shop.osmiummusic.com\/our-partners\/divertimento\/"]}]},{"@type":"ImageObject","inLanguage":"fr-FR","@id":"https:\/\/shop.osmiummusic.com\/our-partners\/divertimento\/#primaryimage","url":"https:\/\/s3.fr-par.scw.cloud\/osmium-music-pub\/publishing\/LOGO-NOIR-2-LIGNES.png","contentUrl":"https:\/\/s3.fr-par.scw.cloud\/osmium-music-pub\/publishing\/LOGO-NOIR-2-LIGNES.png"},{"@type":"BreadcrumbList","@id":"https:\/\/shop.osmiummusic.com\/our-partners\/divertimento\/#breadcrumb","itemListElement":[{"@type":"ListItem","position":1,"name":"Home","item":"https:\/\/shop.osmiummusic.com\/"},{"@type":"ListItem","position":2,"name":"Our partners","item":"https:\/\/shop.osmiummusic.com\/our-partners\/"},{"@type":"ListItem","position":3,"name":"Divertimento"}]},{"@type":"WebSite","@id":"https:\/\/shop.osmiummusic.com\/#website","url":"https:\/\/shop.osmiummusic.com\/","name":"Osmium music - modern editions","description":"pour les musiciens d'aujourd'hui","publisher":{"@id":"https:\/\/shop.osmiummusic.com\/#organization"},"potentialAction":[{"@type":"SearchAction","target":{"@type":"EntryPoint","urlTemplate":"https:\/\/shop.osmiummusic.com\/?s={search_term_string}"},"query-input":{"@type":"PropertyValueSpecification","valueRequired":true,"valueName":"search_term_string"}}],"inLanguage":"fr-FR"},{"@type":"Organization","@id":"https:\/\/shop.osmiummusic.com\/#organization","name":"Osmium music","url":"https:\/\/shop.osmiummusic.com\/","logo":{"@type":"ImageObject","inLanguage":"fr-FR","@id":"https:\/\/shop.osmiummusic.com\/#\/schema\/logo\/image\/","url":"https:\/\/s3.fr-par.scw.cloud\/osmium-music-pub\/publishing\/Logo_noText_BDO_Transparent.png","contentUrl":"https:\/\/s3.fr-par.scw.cloud\/osmium-music-pub\/publishing\/Logo_noText_BDO_Transparent.png","width":1001,"height":1001,"caption":"Osmium music"},"image":{"@id":"https:\/\/shop.osmiummusic.com\/#\/schema\/logo\/image\/"},"sameAs":["https:\/\/www.instagram.com\/osmium.music\/","https:\/\/fr.linkedin.com\/company\/osmium-music"]}]}},"_links":{"self":[{"href":"https:\/\/shop.osmiummusic.com\/fr\/wp-json\/wp\/v2\/pages\/1406","targetHints":{"allow":["GET"]}}],"collection":[{"href":"https:\/\/shop.osmiummusic.com\/fr\/wp-json\/wp\/v2\/pages"}],"about":[{"href":"https:\/\/shop.osmiummusic.com\/fr\/wp-json\/wp\/v2\/types\/page"}],"author":[{"embeddable":true,"href":"https:\/\/shop.osmiummusic.com\/fr\/wp-json\/wp\/v2\/users\/1"}],"replies":[{"embeddable":true,"href":"https:\/\/shop.osmiummusic.com\/fr\/wp-json\/wp\/v2\/comments?post=1406"}],"version-history":[{"count":5,"href":"https:\/\/shop.osmiummusic.com\/fr\/wp-json\/wp\/v2\/pages\/1406\/revisions"}],"predecessor-version":[{"id":1417,"href":"https:\/\/shop.osmiummusic.com\/fr\/wp-json\/wp\/v2\/pages\/1406\/revisions\/1417"}],"up":[{"embeddable":true,"href":"https:\/\/shop.osmiummusic.com\/fr\/wp-json\/wp\/v2\/pages\/1193"}],"wp:attachment":[{"href":"https:\/\/shop.osmiummusic.com\/fr\/wp-json\/wp\/v2\/media?parent=1406"}],"curies":[{"name":"wp","href":"https:\/\/api.w.org\/{rel}","templated":true}]}}