{"id":1327,"date":"2025-09-25T19:13:20","date_gmt":"2025-09-25T17:13:20","guid":{"rendered":"https:\/\/shop.osmiummusic.com\/?page_id=1327"},"modified":"2025-09-26T00:53:37","modified_gmt":"2025-09-25T22:53:37","slug":"our-vision","status":"publish","type":"page","link":"https:\/\/shop.osmiummusic.com\/fr\/our-vision\/","title":{"rendered":"Notre vision"},"content":{"rendered":"<hr class=\"wp-block-separator has-alpha-channel-opacity\"\/>\n\n\n\n<div class=\"wp-block-columns is-layout-flex wp-container-core-columns-is-layout-28f84493 wp-block-columns-is-layout-flex\">\n<div class=\"wp-block-column is-layout-flow wp-block-column-is-layout-flow\" style=\"flex-basis:33.33%\">\n<figure class=\"wp-block-image aligncenter size-large img-wdth-mob-60per\" style=\"margin-top:0;margin-bottom:0\"><img decoding=\"async\" width=\"1024\" height=\"683\" src=\"https:\/\/shop.osmiummusic.com\/wp-content\/uploads\/2025\/08\/Logo_Text_BDO_Transparent-1024x683.png\" alt=\"\" class=\"wp-image-137\" srcset=\"https:\/\/shop.osmiummusic.com\/wp-content\/uploads\/2025\/08\/Logo_Text_BDO_Transparent-300x200.png 300w, https:\/\/shop.osmiummusic.com\/wp-content\/uploads\/2025\/08\/Logo_Text_BDO_Transparent-1024x683.png 1024w, https:\/\/shop.osmiummusic.com\/wp-content\/uploads\/2025\/08\/Logo_Text_BDO_Transparent-768x512.png 768w, https:\/\/shop.osmiummusic.com\/wp-content\/uploads\/2025\/08\/Logo_Text_BDO_Transparent-600x400.png 600w, https:\/\/shop.osmiummusic.com\/wp-content\/uploads\/2025\/08\/Logo_Text_BDO_Transparent.png 1201w\" sizes=\"(max-width: 1024px) 100vw, 1024px\" \/><\/figure>\n<\/div>\n\n\n\n<div class=\"wp-block-column is-layout-flow wp-block-column-is-layout-flow\" style=\"flex-basis:66.66%\">\n<p style=\"margin-top:var(--wp--preset--spacing--30);margin-bottom:var(--wp--preset--spacing--30)\" class=\"translation-block\">L'acc\u00e8s aux <strong>partitions<\/strong> est crucial pour une grande partie des <strong>musiciens<\/strong>, pour transmettre les <strong>r\u00e9pertoires<\/strong>, faire vivre ou <strong>red\u00e9couvrir<\/strong> les \u0153uvres, et en <strong>d\u00e9mocratiser l\u2019acc\u00e8s<\/strong>.<\/p>\n<\/div>\n<\/div>\n\n\n\n<p class=\"translation-block\">Qu\u2019il s\u2019agisse de la n\u00e9cessit\u00e9 d\u2019explorer de nouveaux territoires, de tendre vers davantage de parit\u00e9 et de repr\u00e9sentativit\u00e9, ou de diffuser les partitions plus facilement et plus largement, les \u00e9volutions r\u00e9centes de nos soci\u00e9t\u00e9s n\u2019ont pas encore pleinement atteint le monde assez restreint de l\u2019<strong>\u00e9dition musicale<\/strong>, en particulier concernant la musique <strong>orchestrale et instrumentale<\/strong>.<\/p>\n\n\n\n<p class=\"translation-block\">En tant qu\u2019<strong>orchestrateurs, arrangeurs, copistes, graveurs<\/strong> et <strong>biblioth\u00e9caires d\u2019orchestre<\/strong> depuis de nombreuses ann\u00e9es, nous avons \u00e9t\u00e9 \u00e0 la fois acteurs et t\u00e9moins des diff\u00e9rentes \u00e9tapes de la vie et de l\u2019utilisation d\u2019une partition. Nous avons souvent \u00e9t\u00e9 confront\u00e9s \u00e0 la difficult\u00e9 pour les <strong>conservatoires, \u00e9coles de musique, orchestres et ensembles<\/strong> de se procurer des partitions nouvelles et de qualit\u00e9 \u2014 et ce \u00e0 de multiples niveaux.<\/p>\n\n\n\n<p class=\"translation-block\">Avec les <strong>\u00c9ditions Osmium Music<\/strong>, nous cultivons l'id\u00e9e que le chemin d'une partition jusqu\u2019aux pupitres doit \u00eatre <strong>simple, direct et juste<\/strong>. Avec une ligne \u00e9ditoriale claire, et en tenant compte des obligations administratives et financi\u00e8res de chacun\u00b7e, nous avons imagin\u00e9 une alternative aux mod\u00e8les existants, au service de la <strong>musique, des interpr\u00e8tes et des auteur\u00b7rice\u00b7s<\/strong>.<\/p>\n\n\n\n<p>En concevant cette nouvelle \u00e9dition musicale, nous nous sommes  fix\u00e9s les objectifs suivants :<\/p>\n\n\n\n<div class=\"wp-block-group has-custom-fond-background-color has-background has-global-padding is-layout-constrained wp-block-group-is-layout-constrained\" style=\"padding-top:var(--wp--preset--spacing--30);padding-bottom:var(--wp--preset--spacing--30)\">\n<details class=\"wp-block-details is-layout-flow wp-container-core-details-is-layout-fe0e2ea3 wp-block-details-is-layout-flow\" open><summary><strong>Une \u00e9dition abordable<\/strong>, au co\u00fbt le plus ma\u00eetris\u00e9 possible, et uniquement en <strong>achat simple<\/strong>: pas de location on\u00e9reuse impliquant de nombreuses d\u00e9marches et de nouveaux co\u00fbts pour les interpr\u00e8tes \u00e0 chaque repr\u00e9sentation : <\/summary>\n<p class=\"has-text-align-right has-base-color has-tertiary-background-color has-text-color has-background has-link-color wp-elements-49c12725accc263cda406dda64cdd038\" style=\"border-radius:5px;padding-top:10px;padding-bottom:10px\">Une partition achet\u00e9e est une partition acquise pour toujours, avec un nombre illimit\u00e9 de repr\u00e9sentations. Nos prix sont \u00e9tudi\u00e9s pour \u00eatre les plus accessibles possibles, avec des r\u00e9ductions syst\u00e9matiques pour les conservatoires et les associations, et des r\u00e9ductions exceptionnelles selon votre projet.<\/p>\n<\/details>\n\n\n\n<details class=\"wp-block-details is-layout-flow wp-container-core-details-is-layout-fe0e2ea3 wp-block-details-is-layout-flow\" open><summary><strong>Des gravures modernes, \u00e9l\u00e9gantes, agr\u00e9ables et faciles \u00e0 lire<\/strong> pour tout interpr\u00e8te, du d\u00e9butant au professionnel :<\/summary>\n<p class=\"has-text-align-right has-base-color has-tertiary-background-color has-text-color has-background has-link-color wp-elements-fdb8941fcd40ed1b432665e97d2eb919 translation-block\" style=\"border-radius:5px;padding-top:10px;padding-bottom:10px\"><strong>Copistes et graveurs exp\u00e9riment\u00e9s<\/strong>, nous travaillons avec une \u00e9quipe form\u00e9e par nos soins \u00e0 toutes les subtilit\u00e9s de la gravure musicale ; nous sommes attentifs aux moindres d\u00e9tails et \u00e0 l\u2019\u00e9coute de tout retour.<\/p>\n<\/details>\n\n\n\n<details class=\"wp-block-details is-layout-flow wp-container-core-details-is-layout-fe0e2ea3 wp-block-details-is-layout-flow\" open><summary><strong>Une diffusion au format num\u00e9rique<\/strong>, pour \u00eatre en ad\u00e9quation avec les multiples usages (impression \u00e0 domicile, tablettes, etc.), et r\u00e9duire autant que possible l'impact \u00e9cologique de nos partitions et de leur utilisation :<\/summary>\n<p class=\"has-text-align-right has-base-color has-tertiary-background-color has-text-color has-background has-link-color wp-elements-05bed36f002ecf2c08fd2bc8230b98bf\" style=\"border-radius:5px;padding-top:10px;padding-bottom:10px\">L'ensemble de notre catalogue est <strong>disponible en ligne<\/strong> au format PDF. Toutes nos partitions sont disponibles <strong>imm\u00e9diatement en t\u00e9l\u00e9chargement<\/strong>.<\/p>\n<\/details>\n\n\n\n<details class=\"wp-block-details is-layout-flow wp-container-core-details-is-layout-fe0e2ea3 wp-block-details-is-layout-flow\" open><summary><strong>Des modes de r\u00e8glements vari\u00e9s et rapides<\/strong>, r\u00e9pondant aux exigences et aux contraintes des professionnels et des institutions publiques.<\/summary>\n<p class=\"has-text-align-right has-base-color has-tertiary-background-color has-text-color has-background has-link-color wp-elements-9e663af6fd73b79c8e186cdae6caad7e\" style=\"border-radius:5px;padding-top:10px;padding-bottom:10px\">Paiement en quelques clics par <strong>carte bancaire, bon de commande ou mandat administratif (prise en charge de Chorus Pro)<\/strong>, et possibilit\u00e9 de demander un devis depuis le panier.<\/p>\n<\/details>\n\n\n\n<details class=\"wp-block-details is-layout-flow wp-container-core-details-is-layout-fe0e2ea3 wp-block-details-is-layout-flow\" open><summary><strong>Le d\u00e9veloppement d\u2019une r\u00e9elle interaction<\/strong> avec les musicien\u00b7ne\u00b7s et les professeur\u00b7e\u00b7s :<\/summary>\n<p class=\"has-text-align-right has-base-color has-tertiary-background-color has-text-color has-background has-link-color wp-elements-4b8ae81b179a523535a1a95f977807bc\" style=\"border-radius:5px;padding-top:10px;padding-bottom:10px\"><strong>Nous sommes \u00e0 l\u2019\u00e9coute de vos retours<\/strong> sur les partitions existantes (g\u00e9n\u00e9raux ou sp\u00e9cifiques), et sommes ravis de recueillir vos avis. Ensemble, nous faisons \u00e9voluer notre catalogue en fonction des besoins que vous exprimez, en mati\u00e8re de r\u00e9pertoire et de forme.<\/p>\n<\/details>\n<\/div>\n\n\n\n<hr class=\"wp-block-separator has-alpha-channel-opacity\"\/>\n\n\n\n<p>Une proposition d\u2019\u0153uvre, de collection, une question ou un retour ? <a href=\"mailto:editions@osmiummusic.com\" target=\"_blank\" rel=\"noreferrer noopener\"><strong>Nous sommes \u00e0 votre \u00e9coute.<\/strong><\/a><\/p>\n\n\n\n<p class=\"has-text-align-center\"><strong>Vous pouvez \u00e9galement consulter :<\/strong><\/p>\n\n\n\n<div class=\"wp-block-buttons is-content-justification-center is-layout-flex wp-container-core-buttons-is-layout-27fb25c0 wp-block-buttons-is-layout-flex\" style=\"margin-top:var(--wp--preset--spacing--50);margin-bottom:var(--wp--preset--spacing--50)\">\n<div class=\"wp-block-button has-custom-width wp-block-button__width-100\"><a class=\"wp-block-button__link has-tertiary-background-color has-background has-medium-font-size has-custom-font-size wp-element-button\" href=\"https:\/\/shop.osmiummusic.com\/fr\/frequently-asked-questions\/\" style=\"padding-top:var(--wp--preset--spacing--50);padding-bottom:var(--wp--preset--spacing--50)\">Notre Foire Aux Questions<\/a><\/div>\n\n\n\n<div class=\"wp-block-button\"><a class=\"wp-block-button__link wp-element-button\" href=\"https:\/\/shop.osmiummusic.com\/fr\/our-team\/\">Notre \u00e9quipe<\/a><\/div>\n\n\n\n<div class=\"wp-block-button\"><a class=\"wp-block-button__link wp-element-button\" href=\"https:\/\/shop.osmiummusic.com\/fr\/our-partners\/\">Nos partenaires<\/a><\/div>\n\n\n\n<div class=\"wp-block-button\"><a class=\"wp-block-button__link wp-element-button\" href=\"mailto:editions@osmiummusic.com\">@ Nous contacter<\/a><\/div>\n<\/div>","protected":false},"excerpt":{"rendered":"<p>Access to sheet music is crucial for many musicians, enabling them to transmit repertoires, bring works to life or rediscover them, and democratize access to music. Whether it\u2019s the need to explore new territories, strive for greater parity and representation, or distribute sheet music more easily and widely, recent societal changes have not yet fully [&hellip;]<\/p>\n","protected":false},"author":1,"featured_media":0,"parent":0,"menu_order":0,"comment_status":"closed","ping_status":"closed","template":"","meta":{"_eb_attr":"","footnotes":"","css_class_manager_body_classes":"","css_class_manager_use_in_post_loop":false},"class_list":["post-1327","page","type-page","status-publish","hentry"],"yoast_head":"<!-- This site is optimized with the Yoast SEO plugin v27.4 - https:\/\/yoast.com\/product\/yoast-seo-wordpress\/ -->\n<title>Our vision - Osmium music - modern editions<\/title>\n<meta name=\"robots\" content=\"index, follow, max-snippet:-1, max-image-preview:large, max-video-preview:-1\" \/>\n<link rel=\"canonical\" href=\"https:\/\/shop.osmiummusic.com\/fr\/our-vision\/\" \/>\n<meta property=\"og:locale\" content=\"fr_FR\" \/>\n<meta property=\"og:type\" content=\"article\" \/>\n<meta property=\"og:title\" content=\"Our vision - Osmium music - modern editions\" \/>\n<meta property=\"og:description\" content=\"Access to sheet music is crucial for many musicians, enabling them to transmit repertoires, bring works to life or rediscover them, and democratize access to music. Whether it\u2019s the need to explore new territories, strive for greater parity and representation, or distribute sheet music more easily and widely, recent societal changes have not yet fully [&hellip;]\" \/>\n<meta property=\"og:url\" content=\"https:\/\/shop.osmiummusic.com\/fr\/our-vision\/\" \/>\n<meta property=\"og:site_name\" content=\"Osmium music - modern editions\" \/>\n<meta property=\"article:modified_time\" content=\"2025-09-25T22:53:37+00:00\" \/>\n<meta property=\"og:image\" content=\"https:\/\/shop.osmiummusic.com\/wp-content\/uploads\/2025\/08\/Logo_Text_BDO_Transparent.png\" \/>\n\t<meta property=\"og:image:width\" content=\"1201\" \/>\n\t<meta property=\"og:image:height\" content=\"801\" \/>\n\t<meta property=\"og:image:type\" content=\"image\/png\" \/>\n<meta name=\"twitter:card\" content=\"summary_large_image\" \/>\n<meta name=\"twitter:label1\" content=\"Dur\u00e9e de lecture estim\u00e9e\" \/>\n\t<meta name=\"twitter:data1\" content=\"3 minutes\" \/>\n<script type=\"application\/ld+json\" class=\"yoast-schema-graph\">{\"@context\":\"https:\\\/\\\/schema.org\",\"@graph\":[{\"@type\":\"WebPage\",\"@id\":\"https:\\\/\\\/shop.osmiummusic.com\\\/our-vision\\\/\",\"url\":\"https:\\\/\\\/shop.osmiummusic.com\\\/our-vision\\\/\",\"name\":\"Our vision - Osmium music - modern editions\",\"isPartOf\":{\"@id\":\"https:\\\/\\\/shop.osmiummusic.com\\\/#website\"},\"primaryImageOfPage\":{\"@id\":\"https:\\\/\\\/shop.osmiummusic.com\\\/our-vision\\\/#primaryimage\"},\"image\":{\"@id\":\"https:\\\/\\\/shop.osmiummusic.com\\\/our-vision\\\/#primaryimage\"},\"thumbnailUrl\":\"https:\\\/\\\/shop.osmiummusic.com\\\/wp-content\\\/uploads\\\/2025\\\/08\\\/Logo_Text_BDO_Transparent-1024x683.png\",\"datePublished\":\"2025-09-25T17:13:20+00:00\",\"dateModified\":\"2025-09-25T22:53:37+00:00\",\"breadcrumb\":{\"@id\":\"https:\\\/\\\/shop.osmiummusic.com\\\/our-vision\\\/#breadcrumb\"},\"inLanguage\":\"fr-FR\",\"potentialAction\":[{\"@type\":\"ReadAction\",\"target\":[\"https:\\\/\\\/shop.osmiummusic.com\\\/our-vision\\\/\"]}]},{\"@type\":\"ImageObject\",\"inLanguage\":\"fr-FR\",\"@id\":\"https:\\\/\\\/shop.osmiummusic.com\\\/our-vision\\\/#primaryimage\",\"url\":\"https:\\\/\\\/shop.osmiummusic.com\\\/wp-content\\\/uploads\\\/2025\\\/08\\\/Logo_Text_BDO_Transparent-1024x683.png\",\"contentUrl\":\"https:\\\/\\\/shop.osmiummusic.com\\\/wp-content\\\/uploads\\\/2025\\\/08\\\/Logo_Text_BDO_Transparent-1024x683.png\"},{\"@type\":\"BreadcrumbList\",\"@id\":\"https:\\\/\\\/shop.osmiummusic.com\\\/our-vision\\\/#breadcrumb\",\"itemListElement\":[{\"@type\":\"ListItem\",\"position\":1,\"name\":\"Home\",\"item\":\"https:\\\/\\\/shop.osmiummusic.com\\\/\"},{\"@type\":\"ListItem\",\"position\":2,\"name\":\"Our vision\"}]},{\"@type\":\"WebSite\",\"@id\":\"https:\\\/\\\/shop.osmiummusic.com\\\/#website\",\"url\":\"https:\\\/\\\/shop.osmiummusic.com\\\/\",\"name\":\"Osmium music - modern editions\",\"description\":\"tailored for today&#039;s musicians\",\"publisher\":{\"@id\":\"https:\\\/\\\/shop.osmiummusic.com\\\/#organization\"},\"potentialAction\":[{\"@type\":\"SearchAction\",\"target\":{\"@type\":\"EntryPoint\",\"urlTemplate\":\"https:\\\/\\\/shop.osmiummusic.com\\\/?s={search_term_string}\"},\"query-input\":{\"@type\":\"PropertyValueSpecification\",\"valueRequired\":true,\"valueName\":\"search_term_string\"}}],\"inLanguage\":\"fr-FR\"},{\"@type\":\"Organization\",\"@id\":\"https:\\\/\\\/shop.osmiummusic.com\\\/#organization\",\"name\":\"Osmium music\",\"url\":\"https:\\\/\\\/shop.osmiummusic.com\\\/\",\"logo\":{\"@type\":\"ImageObject\",\"inLanguage\":\"fr-FR\",\"@id\":\"https:\\\/\\\/shop.osmiummusic.com\\\/#\\\/schema\\\/logo\\\/image\\\/\",\"url\":\"https:\\\/\\\/s3.fr-par.scw.cloud\\\/osmium-music-pub\\\/publishing\\\/Logo_noText_BDO_Transparent.png\",\"contentUrl\":\"https:\\\/\\\/s3.fr-par.scw.cloud\\\/osmium-music-pub\\\/publishing\\\/Logo_noText_BDO_Transparent.png\",\"width\":1001,\"height\":1001,\"caption\":\"Osmium music\"},\"image\":{\"@id\":\"https:\\\/\\\/shop.osmiummusic.com\\\/#\\\/schema\\\/logo\\\/image\\\/\"},\"sameAs\":[\"https:\\\/\\\/www.instagram.com\\\/osmium.music\\\/\",\"https:\\\/\\\/fr.linkedin.com\\\/company\\\/osmium-music\"]}]}<\/script>\n<!-- \/ Yoast SEO plugin. -->","yoast_head_json":{"title":"Our vision - Osmium music - modern editions","robots":{"index":"index","follow":"follow","max-snippet":"max-snippet:-1","max-image-preview":"max-image-preview:large","max-video-preview":"max-video-preview:-1"},"canonical":"https:\/\/shop.osmiummusic.com\/fr\/our-vision\/","og_locale":"fr_FR","og_type":"article","og_title":"Our vision - Osmium music - modern editions","og_description":"Access to sheet music is crucial for many musicians, enabling them to transmit repertoires, bring works to life or rediscover them, and democratize access to music. Whether it\u2019s the need to explore new territories, strive for greater parity and representation, or distribute sheet music more easily and widely, recent societal changes have not yet fully [&hellip;]","og_url":"https:\/\/shop.osmiummusic.com\/fr\/our-vision\/","og_site_name":"Osmium music - modern editions","article_modified_time":"2025-09-25T22:53:37+00:00","og_image":[{"width":1201,"height":801,"url":"https:\/\/shop.osmiummusic.com\/wp-content\/uploads\/2025\/08\/Logo_Text_BDO_Transparent.png","type":"image\/png"}],"twitter_card":"summary_large_image","twitter_misc":{"Dur\u00e9e de lecture estim\u00e9e":"3 minutes"},"schema":{"@context":"https:\/\/schema.org","@graph":[{"@type":"WebPage","@id":"https:\/\/shop.osmiummusic.com\/our-vision\/","url":"https:\/\/shop.osmiummusic.com\/our-vision\/","name":"Our vision - Osmium music - modern editions","isPartOf":{"@id":"https:\/\/shop.osmiummusic.com\/#website"},"primaryImageOfPage":{"@id":"https:\/\/shop.osmiummusic.com\/our-vision\/#primaryimage"},"image":{"@id":"https:\/\/shop.osmiummusic.com\/our-vision\/#primaryimage"},"thumbnailUrl":"https:\/\/shop.osmiummusic.com\/wp-content\/uploads\/2025\/08\/Logo_Text_BDO_Transparent-1024x683.png","datePublished":"2025-09-25T17:13:20+00:00","dateModified":"2025-09-25T22:53:37+00:00","breadcrumb":{"@id":"https:\/\/shop.osmiummusic.com\/our-vision\/#breadcrumb"},"inLanguage":"fr-FR","potentialAction":[{"@type":"ReadAction","target":["https:\/\/shop.osmiummusic.com\/our-vision\/"]}]},{"@type":"ImageObject","inLanguage":"fr-FR","@id":"https:\/\/shop.osmiummusic.com\/our-vision\/#primaryimage","url":"https:\/\/shop.osmiummusic.com\/wp-content\/uploads\/2025\/08\/Logo_Text_BDO_Transparent-1024x683.png","contentUrl":"https:\/\/shop.osmiummusic.com\/wp-content\/uploads\/2025\/08\/Logo_Text_BDO_Transparent-1024x683.png"},{"@type":"BreadcrumbList","@id":"https:\/\/shop.osmiummusic.com\/our-vision\/#breadcrumb","itemListElement":[{"@type":"ListItem","position":1,"name":"Home","item":"https:\/\/shop.osmiummusic.com\/"},{"@type":"ListItem","position":2,"name":"Our vision"}]},{"@type":"WebSite","@id":"https:\/\/shop.osmiummusic.com\/#website","url":"https:\/\/shop.osmiummusic.com\/","name":"Osmium music - modern editions","description":"pour les musiciens d'aujourd'hui","publisher":{"@id":"https:\/\/shop.osmiummusic.com\/#organization"},"potentialAction":[{"@type":"SearchAction","target":{"@type":"EntryPoint","urlTemplate":"https:\/\/shop.osmiummusic.com\/?s={search_term_string}"},"query-input":{"@type":"PropertyValueSpecification","valueRequired":true,"valueName":"search_term_string"}}],"inLanguage":"fr-FR"},{"@type":"Organization","@id":"https:\/\/shop.osmiummusic.com\/#organization","name":"Osmium music","url":"https:\/\/shop.osmiummusic.com\/","logo":{"@type":"ImageObject","inLanguage":"fr-FR","@id":"https:\/\/shop.osmiummusic.com\/#\/schema\/logo\/image\/","url":"https:\/\/s3.fr-par.scw.cloud\/osmium-music-pub\/publishing\/Logo_noText_BDO_Transparent.png","contentUrl":"https:\/\/s3.fr-par.scw.cloud\/osmium-music-pub\/publishing\/Logo_noText_BDO_Transparent.png","width":1001,"height":1001,"caption":"Osmium music"},"image":{"@id":"https:\/\/shop.osmiummusic.com\/#\/schema\/logo\/image\/"},"sameAs":["https:\/\/www.instagram.com\/osmium.music\/","https:\/\/fr.linkedin.com\/company\/osmium-music"]}]}},"_links":{"self":[{"href":"https:\/\/shop.osmiummusic.com\/fr\/wp-json\/wp\/v2\/pages\/1327","targetHints":{"allow":["GET"]}}],"collection":[{"href":"https:\/\/shop.osmiummusic.com\/fr\/wp-json\/wp\/v2\/pages"}],"about":[{"href":"https:\/\/shop.osmiummusic.com\/fr\/wp-json\/wp\/v2\/types\/page"}],"author":[{"embeddable":true,"href":"https:\/\/shop.osmiummusic.com\/fr\/wp-json\/wp\/v2\/users\/1"}],"replies":[{"embeddable":true,"href":"https:\/\/shop.osmiummusic.com\/fr\/wp-json\/wp\/v2\/comments?post=1327"}],"version-history":[{"count":13,"href":"https:\/\/shop.osmiummusic.com\/fr\/wp-json\/wp\/v2\/pages\/1327\/revisions"}],"predecessor-version":[{"id":1357,"href":"https:\/\/shop.osmiummusic.com\/fr\/wp-json\/wp\/v2\/pages\/1327\/revisions\/1357"}],"wp:attachment":[{"href":"https:\/\/shop.osmiummusic.com\/fr\/wp-json\/wp\/v2\/media?parent=1327"}],"curies":[{"name":"wp","href":"https:\/\/api.w.org\/{rel}","templated":true}]}}