{"id":1196,"date":"2025-09-17T18:07:19","date_gmt":"2025-09-17T16:07:19","guid":{"rendered":"https:\/\/shop.osmiummusic.com\/?page_id=1196"},"modified":"2025-10-01T00:54:46","modified_gmt":"2025-09-30T22:54:46","slug":"our-team","status":"publish","type":"page","link":"https:\/\/shop.osmiummusic.com\/fr\/our-team\/","title":{"rendered":"Qui sommes-nous ?"},"content":{"rendered":"<blockquote class=\"wp-block-quote is-layout-flow wp-block-quote-is-layout-flow\">\n<p class=\"has-text-align-left\">Les \u00e9ditions Osmium Music sont une belle aventure rendue possible par au soutien, la bienveillance et les encouragements de nombreuses personnes. Voici quelques-unes d'entre elles, qui \u0153uvrent \u00e0 r\u00e9aliser les belles partitions que nous proposons.<\/p>\n<\/blockquote>\n\n\n\n<div class=\"wp-block-group alignfull has-global-padding is-layout-constrained wp-block-group-is-layout-constrained\" style=\"margin-top:var(--wp--preset--spacing--40);margin-bottom:var(--wp--preset--spacing--40)\">\n<div class=\"wp-block-group has-global-padding is-layout-constrained wp-block-group-is-layout-constrained\" style=\"margin-top:var(--wp--preset--spacing--50);margin-bottom:var(--wp--preset--spacing--50)\">\n<h2 class=\"wp-block-heading\" style=\"margin-top:var(--wp--preset--spacing--30)\">John Doe<\/h2>\n\n\n\n<hr class=\"wp-block-separator has-alpha-channel-opacity\"\/>\n\n\n\n<div class=\"wp-block-media-text is-stacked-on-mobile\" style=\"grid-template-columns:27% auto\"><figure class=\"wp-block-media-text__media\"><img decoding=\"async\" width=\"240\" height=\"240\" src=\"https:\/\/s3.fr-par.scw.cloud\/osmium-music-pub\/publishing\/dummy-profile.jpg\" alt=\"\" class=\"wp-image-1339 size-full\" srcset=\"https:\/\/s3.fr-par.scw.cloud\/osmium-music-pub\/publishing\/dummy-profile-150x150.jpg 150w, https:\/\/s3.fr-par.scw.cloud\/osmium-music-pub\/publishing\/dummy-profile-12x12.jpg 12w, https:\/\/s3.fr-par.scw.cloud\/osmium-music-pub\/publishing\/dummy-profile-64x64.jpg 64w, https:\/\/s3.fr-par.scw.cloud\/osmium-music-pub\/publishing\/dummy-profile.jpg 240w\" sizes=\"(max-width: 240px) 100vw, 240px\" \/><\/figure><div class=\"wp-block-media-text__content\">\n<p>Lorem ipsum dolor sit amet consectetur adipiscing elit quisque faucibus ex sapien vitae pellentesque sem placerat in id cursus mi pretium tellus duis convallis tempus leo eu aenean sed diam urna tempor pulvinar vivamus fringilla lacus nec metus bibendum egestas iaculis massa nisl malesuada lacinia integer nunc posuere ut hendrerit.<\/p>\n<\/div><\/div>\n\n\n\n<p>Lorem ipsum dolor sit amet consectetur adipiscing elit quisque faucibus ex sapien vitae pellentesque sem placerat in id cursus mi pretium tellus duis convallis tempus leo eu aenean sed diam urna tempor pulvinar vivamus fringilla lacus nec metus bibendum egestas iaculis massa nisl malesuada lacinia integer nunc posuere ut hendrerit.<\/p>\n\n\n\n<div class=\"wp-block-buttons is-content-justification-center is-layout-flex wp-container-core-buttons-is-layout-dd320d38 wp-block-buttons-is-layout-flex\" style=\"margin-bottom:var(--wp--preset--spacing--40)\">\n<div class=\"wp-block-button\"><a class=\"wp-block-button__link wp-element-button\">Visiter le site web&#8230;<\/a><\/div>\n<\/div>\n\n\n\n<hr class=\"wp-block-separator has-alpha-channel-opacity\"\/>\n<\/div>\n<\/div>\n\n\n\n<div class=\"wp-block-group alignfull has-global-padding is-layout-constrained wp-block-group-is-layout-constrained\" style=\"margin-top:var(--wp--preset--spacing--40);margin-bottom:var(--wp--preset--spacing--40)\">\n<div class=\"wp-block-group has-global-padding is-layout-constrained wp-block-group-is-layout-constrained\" style=\"margin-top:var(--wp--preset--spacing--50);margin-bottom:var(--wp--preset--spacing--50)\">\n<h2 class=\"wp-block-heading\" style=\"margin-top:var(--wp--preset--spacing--30)\">Beno\u00eet Dupont<\/h2>\n\n\n\n<hr class=\"wp-block-separator has-alpha-channel-opacity\"\/>\n\n\n\n<div class=\"wp-block-media-text has-media-on-the-right is-stacked-on-mobile\" style=\"grid-template-columns:auto 35%\"><div class=\"wp-block-media-text__content\">\n<p class=\"translation-block\"><strong>Beno\u00eet Dupont<\/strong> est compositeur assistant aupr\u00e8s de Mathieu Lamboley depuis 2020. \u00c0 ses c\u00f4t\u00e9s, il travaille sur de nombreux projets pour le cin\u00e9ma et la t\u00e9l\u00e9vision, notamment les s\u00e9ries <strong>Lupin<\/strong> (Netflix) et <strong>L\u2019Art du crime<\/strong> (FR TV), ou encore les films <strong>Jack Mimoun<\/strong>, <strong>La Guerre des Lulus<\/strong> et <strong>Cold Storage<\/strong>.<\/p>\n<\/div><figure class=\"wp-block-media-text__media\"><img decoding=\"async\" width=\"1024\" height=\"1024\" src=\"https:\/\/s3.fr-par.scw.cloud\/osmium-music-pub\/publishing\/PHOTO-BENOIT-DUPONT1.jpg\" alt=\"\" class=\"wp-image-1537 size-full\" srcset=\"https:\/\/s3.fr-par.scw.cloud\/osmium-music-pub\/publishing\/PHOTO-BENOIT-DUPONT1.jpg 1024w, https:\/\/s3.fr-par.scw.cloud\/osmium-music-pub\/publishing\/PHOTO-BENOIT-DUPONT1-150x150.jpg 150w, https:\/\/s3.fr-par.scw.cloud\/osmium-music-pub\/publishing\/PHOTO-BENOIT-DUPONT1-12x12.jpg 12w, https:\/\/s3.fr-par.scw.cloud\/osmium-music-pub\/publishing\/PHOTO-BENOIT-DUPONT1-600x600.jpg 600w, https:\/\/s3.fr-par.scw.cloud\/osmium-music-pub\/publishing\/PHOTO-BENOIT-DUPONT1-64x64.jpg 64w, https:\/\/s3.fr-par.scw.cloud\/osmium-music-pub\/publishing\/PHOTO-BENOIT-DUPONT1.jpg 1280w\" sizes=\"(max-width: 1024px) 100vw, 1024px\" \/><\/figure><\/div>\n\n\n\n<p class=\"translation-block\">Il a compos\u00e9 la musique de nombreux court-m\u00e9trages et, en 2023, il est choisi lors du festival <strong>MCM de Marseille<\/strong> pour travailler sur le film <strong>Mariana the Sidekick<\/strong>, dont la musique sera enregistr\u00e9e en 2025. Il figure \u00e9galement parmi les finalistes du <strong>OST Challenge 2023<\/strong>.<\/p>\n\n\n\n<div class=\"wp-block-buttons is-content-justification-center is-layout-flex wp-container-core-buttons-is-layout-dd320d38 wp-block-buttons-is-layout-flex\" style=\"margin-bottom:var(--wp--preset--spacing--40)\">\n<div class=\"wp-block-button\"><a class=\"wp-block-button__link wp-element-button\" href=\"https:\/\/benoitdupont1813.wixsite.com\/compositeur\">Visit his website&#8230;<\/a><\/div>\n<\/div>\n\n\n\n<hr class=\"wp-block-separator has-alpha-channel-opacity\"\/>\n<\/div>\n<\/div>\n\n\n\n<div class=\"wp-block-group has-global-padding is-layout-constrained wp-block-group-is-layout-constrained\">\n<h2 class=\"wp-block-heading\">Les fondateurs d'Osmium Music<\/h2>\n\n\n\n<div class=\"wp-block-media-text has-media-on-the-right is-stacked-on-mobile is-vertically-aligned-top is-image-fill-element\" style=\"grid-template-columns:auto 34%\"><div class=\"wp-block-media-text__content\">\n<h4 class=\"wp-block-heading\" style=\"margin-top:5px;margin-bottom:5px\"><a href=\"http:\/\/nelsonsantoni.com\" target=\"_blank\" rel=\"noreferrer noopener\">Nelson Santoni<\/a><\/h4>\n\n\n\n<p style=\"margin-top:5px;margin-bottom:5px\" class=\"translation-block\">Compositeur et orchestrateur dipl\u00f4m\u00e9 de l\u2019ENS Louis-Lumi\u00e8re (2018), <strong>Nelson Santoni<\/strong> compose pour le cin\u00e9ma (courts-m\u00e9trages, TV, radio) et collabore avec des artistes comme Julie Rou\u00e9 ou Peter Von Poehl. Son EP <em>Atlantis<\/em> (2019) m\u00eale harpe, violoncelle et orchestre. R\u00e9cemment, il a travaill\u00e9 sur le ballet <em>Water Games<\/em> et le film <em>Le Piment<\/em>, ainsi que sur plusieurs spectacles \u00e0 la Philharmonie de Paris, pour les Jeux Olympiques de Paris ou encore les c\u00e9r\u00e9monies de Roland-Garros.<\/p>\n<\/div><figure class=\"wp-block-media-text__media\"><img decoding=\"async\" width=\"886\" height=\"1024\" src=\"https:\/\/s3.fr-par.scw.cloud\/osmium-music-pub\/publishing\/photo-nelson-bw_CADRE.jpg\" alt=\"\" class=\"wp-image-1346 size-full\" style=\"object-position:89% 47%\" srcset=\"https:\/\/s3.fr-par.scw.cloud\/osmium-music-pub\/publishing\/photo-nelson-bw_CADRE.jpg 886w, https:\/\/s3.fr-par.scw.cloud\/osmium-music-pub\/publishing\/photo-nelson-bw_CADRE-10x12.jpg 10w, https:\/\/s3.fr-par.scw.cloud\/osmium-music-pub\/publishing\/photo-nelson-bw_CADRE-600x693.jpg 600w, https:\/\/s3.fr-par.scw.cloud\/osmium-music-pub\/publishing\/photo-nelson-bw_CADRE-64x74.jpg 64w, https:\/\/s3.fr-par.scw.cloud\/osmium-music-pub\/publishing\/photo-nelson-bw_CADRE.jpg 1440w\" sizes=\"(max-width: 886px) 100vw, 886px\" \/><\/figure><\/div>\n\n\n\n<hr class=\"wp-block-separator has-alpha-channel-opacity\"\/>\n\n\n\n<div class=\"wp-block-media-text is-stacked-on-mobile is-vertically-aligned-top is-image-fill-element\" style=\"grid-template-columns:34% auto\"><figure class=\"wp-block-media-text__media\"><img decoding=\"async\" width=\"2016\" height=\"1512\" src=\"https:\/\/s3.fr-par.scw.cloud\/osmium-music-pub\/publishing\/Photo-Antonin_BW.jpg\" alt=\"\" class=\"wp-image-1347 size-full\" style=\"object-position:21% 33%\" srcset=\"https:\/\/s3.fr-par.scw.cloud\/osmium-music-pub\/publishing\/Photo-Antonin_BW-1024x768.jpg 1024w, https:\/\/s3.fr-par.scw.cloud\/osmium-music-pub\/publishing\/Photo-Antonin_BW-16x12.jpg 16w, https:\/\/s3.fr-par.scw.cloud\/osmium-music-pub\/publishing\/Photo-Antonin_BW-450x338.jpg 450w, https:\/\/s3.fr-par.scw.cloud\/osmium-music-pub\/publishing\/Photo-Antonin_BW-600x450.jpg 600w, https:\/\/s3.fr-par.scw.cloud\/osmium-music-pub\/publishing\/Photo-Antonin_BW-64x48.jpg 64w, https:\/\/s3.fr-par.scw.cloud\/osmium-music-pub\/publishing\/Photo-Antonin_BW.jpg 2016w\" sizes=\"(max-width: 2016px) 100vw, 2016px\" \/><\/figure><div class=\"wp-block-media-text__content\">\n<h4 class=\"wp-block-heading\" style=\"margin-top:5px;margin-bottom:5px\"><a href=\"http:\/\/antoninmege.com\" data-type=\"link\" data-id=\"antoninmege.com\" target=\"_blank\" rel=\"noreferrer noopener\">Antonin M\u00e8ge<\/a><\/h4>\n\n\n\n<p class=\"translation-block\">Compositeur, orchestrateur et arrangeur, <strong>Antonin M\u00e8ge<\/strong> a notamment \u00e9tudi\u00e9 avec Yves Chauris et Guillaume Connesson. Sp\u00e9cialis\u00e9 en \u00e9criture pour le concert et la narration, ses \u0153uvres et arrangements sont jou\u00e9s par divers ensembles et orchestres \u00e0 de nombreuses occasions, \u00e0 la Philharmonie de Paris, la Seine Musicale et lors d\u2019\u00e9v\u00e9nements comme Roland-Garros ou les Jeux Olympiques de Paris. Ses travaux peuvent \u00eatre \u00e9cout\u00e9s \u00e0 la t\u00e9l\u00e9vision, la radio ou au cin\u00e9ma.<\/p>\n<\/div><\/div>\n<\/div>","protected":false},"excerpt":{"rendered":"<p>Osmium Music Editions is a journey made possible by the unwavering support, generosity, and encouragement of many. Meet some of the passionate minds behind the meticulously crafted scores we\u2019re proud to share. John Doe Lorem ipsum dolor sit amet consectetur adipiscing elit quisque faucibus ex sapien vitae pellentesque sem placerat in id cursus mi pretium [&hellip;]<\/p>\n","protected":false},"author":1,"featured_media":0,"parent":0,"menu_order":0,"comment_status":"closed","ping_status":"closed","template":"","meta":{"_eb_attr":"","footnotes":"","css_class_manager_body_classes":"","css_class_manager_use_in_post_loop":false},"class_list":["post-1196","page","type-page","status-publish","hentry"],"yoast_head":"<!-- This site is optimized with the Yoast SEO plugin v27.4 - https:\/\/yoast.com\/product\/yoast-seo-wordpress\/ -->\n<title>Our team - Osmium music - modern editions<\/title>\n<meta name=\"robots\" content=\"index, follow, max-snippet:-1, max-image-preview:large, max-video-preview:-1\" \/>\n<link rel=\"canonical\" href=\"https:\/\/shop.osmiummusic.com\/fr\/our-team\/\" \/>\n<meta property=\"og:locale\" content=\"fr_FR\" \/>\n<meta property=\"og:type\" content=\"article\" \/>\n<meta property=\"og:title\" content=\"Our team - Osmium music - modern editions\" \/>\n<meta property=\"og:description\" content=\"Osmium Music Editions is a journey made possible by the unwavering support, generosity, and encouragement of many. Meet some of the passionate minds behind the meticulously crafted scores we\u2019re proud to share. John Doe Lorem ipsum dolor sit amet consectetur adipiscing elit quisque faucibus ex sapien vitae pellentesque sem placerat in id cursus mi pretium [&hellip;]\" \/>\n<meta property=\"og:url\" content=\"https:\/\/shop.osmiummusic.com\/fr\/our-team\/\" \/>\n<meta property=\"og:site_name\" content=\"Osmium music - modern editions\" \/>\n<meta property=\"article:modified_time\" content=\"2025-09-30T22:54:46+00:00\" \/>\n<meta property=\"og:image\" content=\"https:\/\/s3.fr-par.scw.cloud\/osmium-music-pub\/publishing\/dummy-profile.jpg\" \/>\n\t<meta property=\"og:image:width\" content=\"240\" \/>\n\t<meta property=\"og:image:height\" content=\"240\" \/>\n\t<meta property=\"og:image:type\" content=\"image\/jpeg\" \/>\n<meta name=\"twitter:card\" content=\"summary_large_image\" \/>\n<meta name=\"twitter:label1\" content=\"Dur\u00e9e de lecture estim\u00e9e\" \/>\n\t<meta name=\"twitter:data1\" content=\"3 minutes\" \/>\n<script type=\"application\/ld+json\" class=\"yoast-schema-graph\">{\"@context\":\"https:\\\/\\\/schema.org\",\"@graph\":[{\"@type\":\"WebPage\",\"@id\":\"https:\\\/\\\/shop.osmiummusic.com\\\/our-team\\\/\",\"url\":\"https:\\\/\\\/shop.osmiummusic.com\\\/our-team\\\/\",\"name\":\"Our team - Osmium music - modern editions\",\"isPartOf\":{\"@id\":\"https:\\\/\\\/shop.osmiummusic.com\\\/#website\"},\"primaryImageOfPage\":{\"@id\":\"https:\\\/\\\/shop.osmiummusic.com\\\/our-team\\\/#primaryimage\"},\"image\":{\"@id\":\"https:\\\/\\\/shop.osmiummusic.com\\\/our-team\\\/#primaryimage\"},\"thumbnailUrl\":\"https:\\\/\\\/s3.fr-par.scw.cloud\\\/osmium-music-pub\\\/publishing\\\/dummy-profile.jpg\",\"datePublished\":\"2025-09-17T16:07:19+00:00\",\"dateModified\":\"2025-09-30T22:54:46+00:00\",\"breadcrumb\":{\"@id\":\"https:\\\/\\\/shop.osmiummusic.com\\\/our-team\\\/#breadcrumb\"},\"inLanguage\":\"fr-FR\",\"potentialAction\":[{\"@type\":\"ReadAction\",\"target\":[\"https:\\\/\\\/shop.osmiummusic.com\\\/our-team\\\/\"]}]},{\"@type\":\"ImageObject\",\"inLanguage\":\"fr-FR\",\"@id\":\"https:\\\/\\\/shop.osmiummusic.com\\\/our-team\\\/#primaryimage\",\"url\":\"https:\\\/\\\/s3.fr-par.scw.cloud\\\/osmium-music-pub\\\/publishing\\\/dummy-profile.jpg\",\"contentUrl\":\"https:\\\/\\\/s3.fr-par.scw.cloud\\\/osmium-music-pub\\\/publishing\\\/dummy-profile.jpg\"},{\"@type\":\"BreadcrumbList\",\"@id\":\"https:\\\/\\\/shop.osmiummusic.com\\\/our-team\\\/#breadcrumb\",\"itemListElement\":[{\"@type\":\"ListItem\",\"position\":1,\"name\":\"Home\",\"item\":\"https:\\\/\\\/shop.osmiummusic.com\\\/\"},{\"@type\":\"ListItem\",\"position\":2,\"name\":\"Our team\"}]},{\"@type\":\"WebSite\",\"@id\":\"https:\\\/\\\/shop.osmiummusic.com\\\/#website\",\"url\":\"https:\\\/\\\/shop.osmiummusic.com\\\/\",\"name\":\"Osmium music - modern editions\",\"description\":\"tailored for today&#039;s musicians\",\"publisher\":{\"@id\":\"https:\\\/\\\/shop.osmiummusic.com\\\/#organization\"},\"potentialAction\":[{\"@type\":\"SearchAction\",\"target\":{\"@type\":\"EntryPoint\",\"urlTemplate\":\"https:\\\/\\\/shop.osmiummusic.com\\\/?s={search_term_string}\"},\"query-input\":{\"@type\":\"PropertyValueSpecification\",\"valueRequired\":true,\"valueName\":\"search_term_string\"}}],\"inLanguage\":\"fr-FR\"},{\"@type\":\"Organization\",\"@id\":\"https:\\\/\\\/shop.osmiummusic.com\\\/#organization\",\"name\":\"Osmium music\",\"url\":\"https:\\\/\\\/shop.osmiummusic.com\\\/\",\"logo\":{\"@type\":\"ImageObject\",\"inLanguage\":\"fr-FR\",\"@id\":\"https:\\\/\\\/shop.osmiummusic.com\\\/#\\\/schema\\\/logo\\\/image\\\/\",\"url\":\"https:\\\/\\\/s3.fr-par.scw.cloud\\\/osmium-music-pub\\\/publishing\\\/Logo_noText_BDO_Transparent.png\",\"contentUrl\":\"https:\\\/\\\/s3.fr-par.scw.cloud\\\/osmium-music-pub\\\/publishing\\\/Logo_noText_BDO_Transparent.png\",\"width\":1001,\"height\":1001,\"caption\":\"Osmium music\"},\"image\":{\"@id\":\"https:\\\/\\\/shop.osmiummusic.com\\\/#\\\/schema\\\/logo\\\/image\\\/\"},\"sameAs\":[\"https:\\\/\\\/www.instagram.com\\\/osmium.music\\\/\",\"https:\\\/\\\/fr.linkedin.com\\\/company\\\/osmium-music\"]}]}<\/script>\n<!-- \/ Yoast SEO plugin. -->","yoast_head_json":{"title":"Our team - Osmium music - modern editions","robots":{"index":"index","follow":"follow","max-snippet":"max-snippet:-1","max-image-preview":"max-image-preview:large","max-video-preview":"max-video-preview:-1"},"canonical":"https:\/\/shop.osmiummusic.com\/fr\/our-team\/","og_locale":"fr_FR","og_type":"article","og_title":"Our team - Osmium music - modern editions","og_description":"Osmium Music Editions is a journey made possible by the unwavering support, generosity, and encouragement of many. Meet some of the passionate minds behind the meticulously crafted scores we\u2019re proud to share. John Doe Lorem ipsum dolor sit amet consectetur adipiscing elit quisque faucibus ex sapien vitae pellentesque sem placerat in id cursus mi pretium [&hellip;]","og_url":"https:\/\/shop.osmiummusic.com\/fr\/our-team\/","og_site_name":"Osmium music - modern editions","article_modified_time":"2025-09-30T22:54:46+00:00","og_image":[{"width":240,"height":240,"url":"https:\/\/s3.fr-par.scw.cloud\/osmium-music-pub\/publishing\/dummy-profile.jpg","type":"image\/jpeg"}],"twitter_card":"summary_large_image","twitter_misc":{"Dur\u00e9e de lecture estim\u00e9e":"3 minutes"},"schema":{"@context":"https:\/\/schema.org","@graph":[{"@type":"WebPage","@id":"https:\/\/shop.osmiummusic.com\/our-team\/","url":"https:\/\/shop.osmiummusic.com\/our-team\/","name":"Our team - Osmium music - modern editions","isPartOf":{"@id":"https:\/\/shop.osmiummusic.com\/#website"},"primaryImageOfPage":{"@id":"https:\/\/shop.osmiummusic.com\/our-team\/#primaryimage"},"image":{"@id":"https:\/\/shop.osmiummusic.com\/our-team\/#primaryimage"},"thumbnailUrl":"https:\/\/s3.fr-par.scw.cloud\/osmium-music-pub\/publishing\/dummy-profile.jpg","datePublished":"2025-09-17T16:07:19+00:00","dateModified":"2025-09-30T22:54:46+00:00","breadcrumb":{"@id":"https:\/\/shop.osmiummusic.com\/our-team\/#breadcrumb"},"inLanguage":"fr-FR","potentialAction":[{"@type":"ReadAction","target":["https:\/\/shop.osmiummusic.com\/our-team\/"]}]},{"@type":"ImageObject","inLanguage":"fr-FR","@id":"https:\/\/shop.osmiummusic.com\/our-team\/#primaryimage","url":"https:\/\/s3.fr-par.scw.cloud\/osmium-music-pub\/publishing\/dummy-profile.jpg","contentUrl":"https:\/\/s3.fr-par.scw.cloud\/osmium-music-pub\/publishing\/dummy-profile.jpg"},{"@type":"BreadcrumbList","@id":"https:\/\/shop.osmiummusic.com\/our-team\/#breadcrumb","itemListElement":[{"@type":"ListItem","position":1,"name":"Home","item":"https:\/\/shop.osmiummusic.com\/"},{"@type":"ListItem","position":2,"name":"Our team"}]},{"@type":"WebSite","@id":"https:\/\/shop.osmiummusic.com\/#website","url":"https:\/\/shop.osmiummusic.com\/","name":"Osmium music - modern editions","description":"pour les musiciens d'aujourd'hui","publisher":{"@id":"https:\/\/shop.osmiummusic.com\/#organization"},"potentialAction":[{"@type":"SearchAction","target":{"@type":"EntryPoint","urlTemplate":"https:\/\/shop.osmiummusic.com\/?s={search_term_string}"},"query-input":{"@type":"PropertyValueSpecification","valueRequired":true,"valueName":"search_term_string"}}],"inLanguage":"fr-FR"},{"@type":"Organization","@id":"https:\/\/shop.osmiummusic.com\/#organization","name":"Osmium music","url":"https:\/\/shop.osmiummusic.com\/","logo":{"@type":"ImageObject","inLanguage":"fr-FR","@id":"https:\/\/shop.osmiummusic.com\/#\/schema\/logo\/image\/","url":"https:\/\/s3.fr-par.scw.cloud\/osmium-music-pub\/publishing\/Logo_noText_BDO_Transparent.png","contentUrl":"https:\/\/s3.fr-par.scw.cloud\/osmium-music-pub\/publishing\/Logo_noText_BDO_Transparent.png","width":1001,"height":1001,"caption":"Osmium music"},"image":{"@id":"https:\/\/shop.osmiummusic.com\/#\/schema\/logo\/image\/"},"sameAs":["https:\/\/www.instagram.com\/osmium.music\/","https:\/\/fr.linkedin.com\/company\/osmium-music"]}]}},"_links":{"self":[{"href":"https:\/\/shop.osmiummusic.com\/fr\/wp-json\/wp\/v2\/pages\/1196","targetHints":{"allow":["GET"]}}],"collection":[{"href":"https:\/\/shop.osmiummusic.com\/fr\/wp-json\/wp\/v2\/pages"}],"about":[{"href":"https:\/\/shop.osmiummusic.com\/fr\/wp-json\/wp\/v2\/types\/page"}],"author":[{"embeddable":true,"href":"https:\/\/shop.osmiummusic.com\/fr\/wp-json\/wp\/v2\/users\/1"}],"replies":[{"embeddable":true,"href":"https:\/\/shop.osmiummusic.com\/fr\/wp-json\/wp\/v2\/comments?post=1196"}],"version-history":[{"count":14,"href":"https:\/\/shop.osmiummusic.com\/fr\/wp-json\/wp\/v2\/pages\/1196\/revisions"}],"predecessor-version":[{"id":1538,"href":"https:\/\/shop.osmiummusic.com\/fr\/wp-json\/wp\/v2\/pages\/1196\/revisions\/1538"}],"wp:attachment":[{"href":"https:\/\/shop.osmiummusic.com\/fr\/wp-json\/wp\/v2\/media?parent=1196"}],"curies":[{"name":"wp","href":"https:\/\/api.w.org\/{rel}","templated":true}]}}