{"id":1193,"date":"2025-09-17T18:06:57","date_gmt":"2025-09-17T16:06:57","guid":{"rendered":"https:\/\/shop.osmiummusic.com\/?page_id=1193"},"modified":"2025-09-26T17:19:10","modified_gmt":"2025-09-26T15:19:10","slug":"our-partners","status":"publish","type":"page","link":"https:\/\/shop.osmiummusic.com\/fr\/our-partners\/","title":{"rendered":"Nos partenaires"},"content":{"rendered":"<p class=\"translation-block\">L\u2019id\u00e9e derri\u00e8re <strong>Osmium Music<\/strong>, c\u2019est de r\u00e9unir de nombreux partenaires, institutions install\u00e9es et reconnues, nouvelles compagnies \u00e9mergentes et artistes en qu\u00eate de nouveaux r\u00e9pertoires pour promouvoir la d\u00e9couverte ou red\u00e9couverte de nouvelles \u0153uvres.\nLes collaborations les plus pouss\u00e9es se concr\u00e9tisent en de v\u00e9ritables collections, que vous pouvez retrouver sur notre boutique.<\/p>\n\n\n\n<hr class=\"wp-block-separator has-alpha-channel-opacity\" style=\"margin-top:var(--wp--preset--spacing--40);margin-bottom:var(--wp--preset--spacing--40)\"\/>\n\n\n\n<p style=\"margin-top:var(--wp--preset--spacing--30)\"><strong>Nos principaux partenaires :<\/strong><\/p>\n\n\n\n<div class=\"wp-block-columns are-vertically-aligned-center is-layout-flex wp-container-core-columns-is-layout-1c46afc4 wp-block-columns-is-layout-flex\" style=\"margin-top:0;padding-top:0;padding-bottom:0\">\n<div class=\"wp-block-column is-vertically-aligned-center is-layout-flow wp-block-column-is-layout-flow\">\n<figure class=\"wp-block-image size-large\"><a href=\"https:\/\/shop.osmiummusic.com\/fr\/our-partners\/divertimento\/\"><img decoding=\"async\" width=\"1024\" height=\"444\" src=\"https:\/\/s3.fr-par.scw.cloud\/osmium-music-pub\/publishing\/LOGO-NOIR-2-LIGNES-1024x444.png\" alt=\"\" class=\"wp-image-1364\" srcset=\"https:\/\/s3.fr-par.scw.cloud\/osmium-music-pub\/publishing\/LOGO-NOIR-2-LIGNES-1024x444.png 1024w, https:\/\/s3.fr-par.scw.cloud\/osmium-music-pub\/publishing\/LOGO-NOIR-2-LIGNES-18x8.png 18w, https:\/\/s3.fr-par.scw.cloud\/osmium-music-pub\/publishing\/LOGO-NOIR-2-LIGNES-600x260.png 600w, https:\/\/s3.fr-par.scw.cloud\/osmium-music-pub\/publishing\/LOGO-NOIR-2-LIGNES-64x28.png 64w\" sizes=\"(max-width: 1024px) 100vw, 1024px\" \/><\/a><\/figure>\n<\/div>\n\n\n\n<div class=\"wp-block-column is-vertically-aligned-center is-layout-flow wp-block-column-is-layout-flow\">\n<figure class=\"wp-block-image size-full\"><a href=\"https:\/\/shop.osmiummusic.com\/fr\/our-partners\/au-temps-pour-elles\/\"><img decoding=\"async\" width=\"395\" height=\"266\" src=\"https:\/\/s3.fr-par.scw.cloud\/osmium-music-pub\/publishing\/logo-ATPELLES.png\" alt=\"\" class=\"wp-image-1166\" srcset=\"https:\/\/s3.fr-par.scw.cloud\/osmium-music-pub\/publishing\/logo-ATPELLES-64x43.png 64w, https:\/\/s3.fr-par.scw.cloud\/osmium-music-pub\/publishing\/logo-ATPELLES.png 395w\" sizes=\"(max-width: 395px) 100vw, 395px\" \/><\/a><\/figure>\n<\/div>\n\n\n\n<div class=\"wp-block-column is-vertically-aligned-center is-layout-flow wp-block-column-is-layout-flow\">\n<figure class=\"wp-block-image size-large\"><a href=\"https:\/\/shop.osmiummusic.com\/fr\/our-partners\/le-bateau-ivre\/\"><img decoding=\"async\" src=\"shop.osmiummusic.com\/wp-content\/uploads\/2025\/10\/Le-Bateau-Ivre.webp\" alt=\"\"\/><\/a><\/figure>\n<\/div>\n<\/div>","protected":false},"excerpt":{"rendered":"<p>The idea behind Osmium Music is to bring together a wide range of partners\u2014established institutions, emerging companies, and artists seeking new repertoires\u2014to promote the discovery and rediscovery of musical works. Our most in-depth collaborations result in dedicated collections, which you can explore in our shop. Our main partners :<\/p>","protected":false},"author":1,"featured_media":0,"parent":0,"menu_order":0,"comment_status":"closed","ping_status":"closed","template":"","meta":{"_eb_attr":"","footnotes":"","css_class_manager_body_classes":"","css_class_manager_use_in_post_loop":false},"class_list":["post-1193","page","type-page","status-publish","hentry"],"yoast_head":"<!-- This site is optimized with the Yoast SEO plugin v27.4 - https:\/\/yoast.com\/product\/yoast-seo-wordpress\/ -->\n<title>Our partners - Osmium music - modern editions<\/title>\n<meta name=\"robots\" content=\"index, follow, max-snippet:-1, max-image-preview:large, max-video-preview:-1\" \/>\n<link rel=\"canonical\" href=\"https:\/\/shop.osmiummusic.com\/fr\/our-partners\/\" \/>\n<meta property=\"og:locale\" content=\"fr_FR\" \/>\n<meta property=\"og:type\" content=\"article\" \/>\n<meta property=\"og:title\" content=\"Our partners - Osmium music - modern editions\" \/>\n<meta property=\"og:description\" content=\"The idea behind Osmium Music is to bring together a wide range of partners\u2014established institutions, emerging companies, and artists seeking new repertoires\u2014to promote the discovery and rediscovery of musical works. Our most in-depth collaborations result in dedicated collections, which you can explore in our shop. Our main partners :\" \/>\n<meta property=\"og:url\" content=\"https:\/\/shop.osmiummusic.com\/fr\/our-partners\/\" \/>\n<meta property=\"og:site_name\" content=\"Osmium music - modern editions\" \/>\n<meta property=\"article:modified_time\" content=\"2025-09-26T15:19:10+00:00\" \/>\n<meta property=\"og:image\" content=\"https:\/\/s3.fr-par.scw.cloud\/osmium-music-pub\/publishing\/LOGO-NOIR-2-LIGNES.png\" \/>\n\t<meta property=\"og:image:width\" content=\"2560\" \/>\n\t<meta property=\"og:image:height\" content=\"1109\" \/>\n\t<meta property=\"og:image:type\" content=\"image\/png\" \/>\n<meta name=\"twitter:card\" content=\"summary_large_image\" \/>\n<meta name=\"twitter:label1\" content=\"Dur\u00e9e de lecture estim\u00e9e\" \/>\n\t<meta name=\"twitter:data1\" content=\"1 minute\" \/>\n<script type=\"application\/ld+json\" class=\"yoast-schema-graph\">{\"@context\":\"https:\\\/\\\/schema.org\",\"@graph\":[{\"@type\":\"WebPage\",\"@id\":\"https:\\\/\\\/shop.osmiummusic.com\\\/our-partners\\\/\",\"url\":\"https:\\\/\\\/shop.osmiummusic.com\\\/our-partners\\\/\",\"name\":\"Our partners - Osmium music - modern editions\",\"isPartOf\":{\"@id\":\"https:\\\/\\\/shop.osmiummusic.com\\\/#website\"},\"primaryImageOfPage\":{\"@id\":\"https:\\\/\\\/shop.osmiummusic.com\\\/our-partners\\\/#primaryimage\"},\"image\":{\"@id\":\"https:\\\/\\\/shop.osmiummusic.com\\\/our-partners\\\/#primaryimage\"},\"thumbnailUrl\":\"https:\\\/\\\/s3.fr-par.scw.cloud\\\/osmium-music-pub\\\/publishing\\\/LOGO-NOIR-2-LIGNES-1024x444.png\",\"datePublished\":\"2025-09-17T16:06:57+00:00\",\"dateModified\":\"2025-09-26T15:19:10+00:00\",\"breadcrumb\":{\"@id\":\"https:\\\/\\\/shop.osmiummusic.com\\\/our-partners\\\/#breadcrumb\"},\"inLanguage\":\"fr-FR\",\"potentialAction\":[{\"@type\":\"ReadAction\",\"target\":[\"https:\\\/\\\/shop.osmiummusic.com\\\/our-partners\\\/\"]}]},{\"@type\":\"ImageObject\",\"inLanguage\":\"fr-FR\",\"@id\":\"https:\\\/\\\/shop.osmiummusic.com\\\/our-partners\\\/#primaryimage\",\"url\":\"https:\\\/\\\/s3.fr-par.scw.cloud\\\/osmium-music-pub\\\/publishing\\\/LOGO-NOIR-2-LIGNES-1024x444.png\",\"contentUrl\":\"https:\\\/\\\/s3.fr-par.scw.cloud\\\/osmium-music-pub\\\/publishing\\\/LOGO-NOIR-2-LIGNES-1024x444.png\"},{\"@type\":\"BreadcrumbList\",\"@id\":\"https:\\\/\\\/shop.osmiummusic.com\\\/our-partners\\\/#breadcrumb\",\"itemListElement\":[{\"@type\":\"ListItem\",\"position\":1,\"name\":\"Home\",\"item\":\"https:\\\/\\\/shop.osmiummusic.com\\\/\"},{\"@type\":\"ListItem\",\"position\":2,\"name\":\"Our partners\"}]},{\"@type\":\"WebSite\",\"@id\":\"https:\\\/\\\/shop.osmiummusic.com\\\/#website\",\"url\":\"https:\\\/\\\/shop.osmiummusic.com\\\/\",\"name\":\"Osmium music - modern editions\",\"description\":\"tailored for today&#039;s musicians\",\"publisher\":{\"@id\":\"https:\\\/\\\/shop.osmiummusic.com\\\/#organization\"},\"potentialAction\":[{\"@type\":\"SearchAction\",\"target\":{\"@type\":\"EntryPoint\",\"urlTemplate\":\"https:\\\/\\\/shop.osmiummusic.com\\\/?s={search_term_string}\"},\"query-input\":{\"@type\":\"PropertyValueSpecification\",\"valueRequired\":true,\"valueName\":\"search_term_string\"}}],\"inLanguage\":\"fr-FR\"},{\"@type\":\"Organization\",\"@id\":\"https:\\\/\\\/shop.osmiummusic.com\\\/#organization\",\"name\":\"Osmium music\",\"url\":\"https:\\\/\\\/shop.osmiummusic.com\\\/\",\"logo\":{\"@type\":\"ImageObject\",\"inLanguage\":\"fr-FR\",\"@id\":\"https:\\\/\\\/shop.osmiummusic.com\\\/#\\\/schema\\\/logo\\\/image\\\/\",\"url\":\"https:\\\/\\\/s3.fr-par.scw.cloud\\\/osmium-music-pub\\\/publishing\\\/Logo_noText_BDO_Transparent.png\",\"contentUrl\":\"https:\\\/\\\/s3.fr-par.scw.cloud\\\/osmium-music-pub\\\/publishing\\\/Logo_noText_BDO_Transparent.png\",\"width\":1001,\"height\":1001,\"caption\":\"Osmium music\"},\"image\":{\"@id\":\"https:\\\/\\\/shop.osmiummusic.com\\\/#\\\/schema\\\/logo\\\/image\\\/\"},\"sameAs\":[\"https:\\\/\\\/www.instagram.com\\\/osmium.music\\\/\",\"https:\\\/\\\/fr.linkedin.com\\\/company\\\/osmium-music\"]}]}<\/script>\n<!-- \/ Yoast SEO plugin. -->","yoast_head_json":{"title":"Our partners - Osmium music - modern editions","robots":{"index":"index","follow":"follow","max-snippet":"max-snippet:-1","max-image-preview":"max-image-preview:large","max-video-preview":"max-video-preview:-1"},"canonical":"https:\/\/shop.osmiummusic.com\/fr\/our-partners\/","og_locale":"fr_FR","og_type":"article","og_title":"Our partners - Osmium music - modern editions","og_description":"The idea behind Osmium Music is to bring together a wide range of partners\u2014established institutions, emerging companies, and artists seeking new repertoires\u2014to promote the discovery and rediscovery of musical works. Our most in-depth collaborations result in dedicated collections, which you can explore in our shop. Our main partners :","og_url":"https:\/\/shop.osmiummusic.com\/fr\/our-partners\/","og_site_name":"Osmium music - modern editions","article_modified_time":"2025-09-26T15:19:10+00:00","og_image":[{"width":2560,"height":1109,"url":"https:\/\/s3.fr-par.scw.cloud\/osmium-music-pub\/publishing\/LOGO-NOIR-2-LIGNES.png","type":"image\/png"}],"twitter_card":"summary_large_image","twitter_misc":{"Dur\u00e9e de lecture estim\u00e9e":"1 minute"},"schema":{"@context":"https:\/\/schema.org","@graph":[{"@type":"WebPage","@id":"https:\/\/shop.osmiummusic.com\/our-partners\/","url":"https:\/\/shop.osmiummusic.com\/our-partners\/","name":"Our partners - Osmium music - modern editions","isPartOf":{"@id":"https:\/\/shop.osmiummusic.com\/#website"},"primaryImageOfPage":{"@id":"https:\/\/shop.osmiummusic.com\/our-partners\/#primaryimage"},"image":{"@id":"https:\/\/shop.osmiummusic.com\/our-partners\/#primaryimage"},"thumbnailUrl":"https:\/\/s3.fr-par.scw.cloud\/osmium-music-pub\/publishing\/LOGO-NOIR-2-LIGNES-1024x444.png","datePublished":"2025-09-17T16:06:57+00:00","dateModified":"2025-09-26T15:19:10+00:00","breadcrumb":{"@id":"https:\/\/shop.osmiummusic.com\/our-partners\/#breadcrumb"},"inLanguage":"fr-FR","potentialAction":[{"@type":"ReadAction","target":["https:\/\/shop.osmiummusic.com\/our-partners\/"]}]},{"@type":"ImageObject","inLanguage":"fr-FR","@id":"https:\/\/shop.osmiummusic.com\/our-partners\/#primaryimage","url":"https:\/\/s3.fr-par.scw.cloud\/osmium-music-pub\/publishing\/LOGO-NOIR-2-LIGNES-1024x444.png","contentUrl":"https:\/\/s3.fr-par.scw.cloud\/osmium-music-pub\/publishing\/LOGO-NOIR-2-LIGNES-1024x444.png"},{"@type":"BreadcrumbList","@id":"https:\/\/shop.osmiummusic.com\/our-partners\/#breadcrumb","itemListElement":[{"@type":"ListItem","position":1,"name":"Home","item":"https:\/\/shop.osmiummusic.com\/"},{"@type":"ListItem","position":2,"name":"Our partners"}]},{"@type":"WebSite","@id":"https:\/\/shop.osmiummusic.com\/#website","url":"https:\/\/shop.osmiummusic.com\/","name":"Osmium music - modern editions","description":"pour les musiciens d'aujourd'hui","publisher":{"@id":"https:\/\/shop.osmiummusic.com\/#organization"},"potentialAction":[{"@type":"SearchAction","target":{"@type":"EntryPoint","urlTemplate":"https:\/\/shop.osmiummusic.com\/?s={search_term_string}"},"query-input":{"@type":"PropertyValueSpecification","valueRequired":true,"valueName":"search_term_string"}}],"inLanguage":"fr-FR"},{"@type":"Organization","@id":"https:\/\/shop.osmiummusic.com\/#organization","name":"Osmium music","url":"https:\/\/shop.osmiummusic.com\/","logo":{"@type":"ImageObject","inLanguage":"fr-FR","@id":"https:\/\/shop.osmiummusic.com\/#\/schema\/logo\/image\/","url":"https:\/\/s3.fr-par.scw.cloud\/osmium-music-pub\/publishing\/Logo_noText_BDO_Transparent.png","contentUrl":"https:\/\/s3.fr-par.scw.cloud\/osmium-music-pub\/publishing\/Logo_noText_BDO_Transparent.png","width":1001,"height":1001,"caption":"Osmium music"},"image":{"@id":"https:\/\/shop.osmiummusic.com\/#\/schema\/logo\/image\/"},"sameAs":["https:\/\/www.instagram.com\/osmium.music\/","https:\/\/fr.linkedin.com\/company\/osmium-music"]}]}},"_links":{"self":[{"href":"https:\/\/shop.osmiummusic.com\/fr\/wp-json\/wp\/v2\/pages\/1193","targetHints":{"allow":["GET"]}}],"collection":[{"href":"https:\/\/shop.osmiummusic.com\/fr\/wp-json\/wp\/v2\/pages"}],"about":[{"href":"https:\/\/shop.osmiummusic.com\/fr\/wp-json\/wp\/v2\/types\/page"}],"author":[{"embeddable":true,"href":"https:\/\/shop.osmiummusic.com\/fr\/wp-json\/wp\/v2\/users\/1"}],"replies":[{"embeddable":true,"href":"https:\/\/shop.osmiummusic.com\/fr\/wp-json\/wp\/v2\/comments?post=1193"}],"version-history":[{"count":40,"href":"https:\/\/shop.osmiummusic.com\/fr\/wp-json\/wp\/v2\/pages\/1193\/revisions"}],"predecessor-version":[{"id":1432,"href":"https:\/\/shop.osmiummusic.com\/fr\/wp-json\/wp\/v2\/pages\/1193\/revisions\/1432"}],"wp:attachment":[{"href":"https:\/\/shop.osmiummusic.com\/fr\/wp-json\/wp\/v2\/media?parent=1193"}],"curies":[{"name":"wp","href":"https:\/\/api.w.org\/{rel}","templated":true}]}}